{"id":7,"date":"2024-11-18T20:46:56","date_gmt":"2024-11-18T19:46:56","guid":{"rendered":"https:\/\/perits.org\/?page_id=7"},"modified":"2025-07-22T10:31:36","modified_gmt":"2025-07-22T08:31:36","slug":"lassociacio","status":"publish","type":"page","link":"https:\/\/perits.org\/es\/lassociacio\/","title":{"rendered":"La asociaci\u00f3n"},"content":{"rendered":"<p>La ASOCIACI\u00d3N CATALANA DE PERITOS JUDICIALES ofrece a los Magistrados, Abogados, Procuradores ya la sociedad en general expertos formados y especializados. Trabajamos para defender los intereses de los asociados y del colectivo de peritos. la ley org\u00e1nica 1\/2025. <\/p>\n\n\n\n<p><\/p>\n\n\n\n<p><\/p>","protected":false},"excerpt":{"rendered":"<p>La ASOCIACI\u00d3N CATALANA DE PERITOS JUDICIALES ofrece a los Magistrados, Abogados, Procuradores ya la sociedad en general expertos formados y especializados. Trabajamos para defender los intereses de los asociados y del colectivo de peritos. Todos los peritos de la Asociaci\u00f3n pueden ser designados como Expertos independientes en procedimientos de m\u00e9todos alternativos de soluci\u00f3n de controversias (MASC) de acuerdo [\u2026]<\/p>","protected":false},"author":1,"featured_media":0,"parent":0,"menu_order":0,"comment_status":"closed","ping_status":"closed","template":"mostrar-hijos-grid-template.php","meta":{"_acf_changed":false,"footnotes":""},"class_list":["post-7","page","type-page","status-publish","hentry"],"acf":[],"yoast_head":"<!-- This site is optimized with the Yoast SEO plugin v24.0 - https:\/\/yoast.com\/wordpress\/plugins\/seo\/ -->\n<title>L&#039;associaci\u00f3 - Perits.org<\/title>\n<meta name=\"robots\" content=\"index, follow, max-snippet:-1, max-image-preview:large, max-video-preview:-1\" \/>\n<link rel=\"canonical\" href=\"https:\/\/perits.org\/es\/lassociacio\/\" \/>\n<meta property=\"og:locale\" content=\"es_ES\" \/>\n<meta property=\"og:type\" content=\"article\" \/>\n<meta property=\"og:title\" content=\"L&#039;associaci\u00f3 - Perits.org\" \/>\n<meta property=\"og:description\" content=\"L\u2019ASSOCIACI\u00d3 CATALANA DE PERITS JUDICIALS ofereix als Magistrats, Advocats, Procuradors i a la societat en general experts formats i especialitzats. Treballem per defensar els interessos dels associats i del col\u00b7lectiu de perits. Tots el perits de l\u2019Associaci\u00f3 poden ser designats com a Experts independents en procediments de m\u00e8todes alternatius de soluci\u00f3 de controv\u00e8rsies (MASC) d\u2019acord [&hellip;]\" \/>\n<meta property=\"og:url\" content=\"https:\/\/perits.org\/es\/lassociacio\/\" \/>\n<meta property=\"og:site_name\" content=\"Perits.org\" \/>\n<meta property=\"article:modified_time\" content=\"2025-07-22T08:31:36+00:00\" \/>\n<meta name=\"twitter:card\" content=\"summary_large_image\" \/>\n<meta name=\"twitter:label1\" content=\"Tiempo de lectura\" \/>\n\t<meta name=\"twitter:data1\" content=\"1 minuto\" \/>\n<script type=\"application\/ld+json\" class=\"yoast-schema-graph\">{\"@context\":\"https:\/\/schema.org\",\"@graph\":[{\"@type\":\"WebPage\",\"@id\":\"https:\/\/perits.org\/lassociacio\/\",\"url\":\"https:\/\/perits.org\/lassociacio\/\",\"name\":\"L'associaci\u00f3 - Perits.org\",\"isPartOf\":{\"@id\":\"https:\/\/perits.org\/#website\"},\"datePublished\":\"2024-11-18T19:46:56+00:00\",\"dateModified\":\"2025-07-22T08:31:36+00:00\",\"breadcrumb\":{\"@id\":\"https:\/\/perits.org\/lassociacio\/#breadcrumb\"},\"inLanguage\":\"es\",\"potentialAction\":[{\"@type\":\"ReadAction\",\"target\":[\"https:\/\/perits.org\/lassociacio\/\"]}]},{\"@type\":\"BreadcrumbList\",\"@id\":\"https:\/\/perits.org\/lassociacio\/#breadcrumb\",\"itemListElement\":[{\"@type\":\"ListItem\",\"position\":1,\"name\":\"Inici\",\"item\":\"https:\/\/perits.org\/\"},{\"@type\":\"ListItem\",\"position\":2,\"name\":\"L&#8217;associaci\u00f3\"}]},{\"@type\":\"WebSite\",\"@id\":\"https:\/\/perits.org\/#website\",\"url\":\"https:\/\/perits.org\/\",\"name\":\"Perits.org\",\"description\":\"\",\"potentialAction\":[{\"@type\":\"SearchAction\",\"target\":{\"@type\":\"EntryPoint\",\"urlTemplate\":\"https:\/\/perits.org\/?s={search_term_string}\"},\"query-input\":{\"@type\":\"PropertyValueSpecification\",\"valueRequired\":true,\"valueName\":\"search_term_string\"}}],\"inLanguage\":\"es\"}]}<\/script>\n<!-- \/ Yoast SEO plugin. -->","yoast_head_json":{"title":"L'associaci\u00f3 - Perits.org","robots":{"index":"index","follow":"follow","max-snippet":"max-snippet:-1","max-image-preview":"max-image-preview:large","max-video-preview":"max-video-preview:-1"},"canonical":"https:\/\/perits.org\/es\/lassociacio\/","og_locale":"es_ES","og_type":"article","og_title":"L'associaci\u00f3 - Perits.org","og_description":"L\u2019ASSOCIACI\u00d3 CATALANA DE PERITS JUDICIALS ofereix als Magistrats, Advocats, Procuradors i a la societat en general experts formats i especialitzats. Treballem per defensar els interessos dels associats i del col\u00b7lectiu de perits. Tots el perits de l\u2019Associaci\u00f3 poden ser designats com a Experts independents en procediments de m\u00e8todes alternatius de soluci\u00f3 de controv\u00e8rsies (MASC) d\u2019acord [&hellip;]","og_url":"https:\/\/perits.org\/es\/lassociacio\/","og_site_name":"Perits.org","article_modified_time":"2025-07-22T08:31:36+00:00","twitter_card":"summary_large_image","twitter_misc":{"Tiempo de lectura":"1 minuto"},"schema":{"@context":"https:\/\/schema.org","@graph":[{"@type":"WebPage","@id":"https:\/\/perits.org\/lassociacio\/","url":"https:\/\/perits.org\/lassociacio\/","name":"L'associaci\u00f3 - Perits.org","isPartOf":{"@id":"https:\/\/perits.org\/#website"},"datePublished":"2024-11-18T19:46:56+00:00","dateModified":"2025-07-22T08:31:36+00:00","breadcrumb":{"@id":"https:\/\/perits.org\/lassociacio\/#breadcrumb"},"inLanguage":"es","potentialAction":[{"@type":"ReadAction","target":["https:\/\/perits.org\/lassociacio\/"]}]},{"@type":"BreadcrumbList","@id":"https:\/\/perits.org\/lassociacio\/#breadcrumb","itemListElement":[{"@type":"ListItem","position":1,"name":"Inici","item":"https:\/\/perits.org\/"},{"@type":"ListItem","position":2,"name":"L&#8217;associaci\u00f3"}]},{"@type":"WebSite","@id":"https:\/\/perits.org\/#website","url":"https:\/\/perits.org\/","name":"Perits.org","description":"","potentialAction":[{"@type":"SearchAction","target":{"@type":"EntryPoint","urlTemplate":"https:\/\/perits.org\/?s={search_term_string}"},"query-input":{"@type":"PropertyValueSpecification","valueRequired":true,"valueName":"search_term_string"}}],"inLanguage":"es"}]}},"_links":{"self":[{"href":"https:\/\/perits.org\/es\/wp-json\/wp\/v2\/pages\/7","targetHints":{"allow":["GET"]}}],"collection":[{"href":"https:\/\/perits.org\/es\/wp-json\/wp\/v2\/pages"}],"about":[{"href":"https:\/\/perits.org\/es\/wp-json\/wp\/v2\/types\/page"}],"author":[{"embeddable":true,"href":"https:\/\/perits.org\/es\/wp-json\/wp\/v2\/users\/1"}],"replies":[{"embeddable":true,"href":"https:\/\/perits.org\/es\/wp-json\/wp\/v2\/comments?post=7"}],"version-history":[{"count":4,"href":"https:\/\/perits.org\/es\/wp-json\/wp\/v2\/pages\/7\/revisions"}],"predecessor-version":[{"id":847,"href":"https:\/\/perits.org\/es\/wp-json\/wp\/v2\/pages\/7\/revisions\/847"}],"wp:attachment":[{"href":"https:\/\/perits.org\/es\/wp-json\/wp\/v2\/media?parent=7"}],"curies":[{"name":"wp","href":"https:\/\/api.w.org\/{rel}","templated":true}]}}