{"id":513,"date":"2024-12-07T21:51:31","date_gmt":"2024-12-07T20:51:31","guid":{"rendered":"https:\/\/perits.org\/?page_id=513"},"modified":"2024-12-07T21:51:32","modified_gmt":"2024-12-07T20:51:32","slug":"politica-de-cookies","status":"publish","type":"page","link":"https:\/\/perits.org\/es\/politica-de-cookies\/","title":{"rendered":"Pol\u00edtica de Cookies"},"content":{"rendered":"<p>Este sitio web utiliza cookies propias y de terceros para evaluar y mejorar experiencia de navegaci\u00f3n de los usuarios. A trav\u00e9s de esta pol\u00edtica de galletas, detallamos el uso que hacemos:<\/p>\n\n\n\n<h2 class=\"wp-block-heading\">\u00bfQU\u00c9 SON LAS COOKIES?<\/h2>\n\n\n\n<p>Las cookies son peque\u00f1os archivos de datos que se reciben en el terminal desde el sitio web visitado y se utilizan para registrar ciertas interacciones de la navegaci\u00f3n en un sitio web almacenando datos que podr\u00e1n ser actualizados y recuperados Estos archivos se almacenan en el ordenador del usuario y contienen datos an\u00f3nimos que no son perjudiciales. seleccionado, los datos de acceso o la personalizaci\u00f3n de la p\u00e1gina.<\/p>\n\n\n\n<p>Las cookies tambi\u00e9n se pueden utilizar para registrar informaci\u00f3n an\u00f3nima sobre c\u00f3mo un visitante utiliza un sitio. Por ejemplo, desde qu\u00e9 p\u00e1gina web ha accedido o si ha utilizado un banner publicitario para llegar a \u00e9l.<\/p>\n\n\n\n<h2 class=\"wp-block-heading\">\u00bfPOR QU\u00c9 UTILIZAMOS COOKIES?<\/h2>\n\n\n\n<p>Utilizamos las cookies estrictamente necesarias y esenciales para que usted utilice nuestros sitios web y se pueda mover libremente, utilizar \u00e1reas seguras, opciones personalizadas, etc. Adem\u00e1s, utilizamos cookies que recogen datos relativos al an\u00e1lisis de uso de la web.<\/p>\n\n\n\n<p>Nuestros sitios tambi\u00e9n pueden tener enlaces de redes sociales (como Facebook o Twitter). No controlamos las cookies utilizadas por estas webs externas.<\/p>\n\n\n\n<h2 class=\"wp-block-heading\">\u00bfQU\u00c9 USO DAMOS A LOS DIFERENTES TIPO DE COOKIES?<\/h2>\n\n\n\n<figure class=\"wp-block-table\"><table class=\"has-fixed-layout\"><tbody><tr><td>Cookies de sesi\u00f3n<\/td><td>Las cookies de sesi\u00f3n son las que duran el tiempo que el usuario est\u00e1 navegando por la p\u00e1gina web y se borran cuando termina.<\/td><\/tr><tr><td>Cookies persistentes<\/td><td>Estas cookies quedan almacenadas en el terminal del usuario durante un tiempo m\u00e1s largo, por lo que facilitan el control de las preferencias elegidas y hacen que no sea necesario repetir ciertos par\u00e1metros cada vez que se visite el sitio web.<\/td><\/tr><tr><td>Cookies propias<\/td><td>Son cookies creadas por este sitio web y que s\u00f3lo puede leer ese sitio. Instalamos cookies propias persistentes con las siguientes finalidades: T\u00e9cnicas: Estas cookies sirven para controlar la carga de las im\u00e1genes que aparecen en la p\u00e1gina inicial, en funci\u00f3n de los par\u00e1metros que se hayan programado (tiempo, n\u00famero de veces vista, etc.). Tambi\u00e9n sirven para permitir el acceso a determinadas partes de la web y para ubicar al usuario. Personalizaci\u00f3n: Estas cookies se utilizan para recordar la configuraci\u00f3n del tama\u00f1o seleccionado en la visualizaci\u00f3n de los contenidos web y poder mostrarla en las pr\u00f3ximas visitas del usuario. An\u00e1lisis: Cookies que permiten seguir el tr\u00e1fico que entra en el sitio web para realizar estad\u00edsticas de visitas.<\/td><\/tr><tr><td>Cookies de terceros<\/td><td>Son cookies creadas por terceros y que utilizamos para diferentes servicios (por ejemplo, an\u00e1lisis del sitio web o publicidad).<\/td><\/tr><\/tbody><\/table><\/figure>\n\n\n\n<p><br>En particular, este sitio web puede utilizar Google Analytics, un servicio anal\u00edtico de web prestado por Google, Inc. con domicilio en Estados Unidos, con sede en 1600 Amphitheatre Parkway, Mountain View, California 94043. Para la prestaci\u00f3n de estos servicios, utilizan cookies que recopilan informaci\u00f3n, incluida la direcci\u00f3n Ip del usuario, que ser\u00e1 transmitida, tratada y almacenada por Google en los plazos fijados en&nbsp;<a href=\"http:\/\/www.google.com\/\">www.google.com<\/a>, incluyendo la cesi\u00f3n a terceros por razones de exigencia legal o colaboradores de Google.<\/p>\n\n\n\n<p>A continuaci\u00f3n, se detallan tanto los terceros que pueden configurar y acceder a cookies (no exentas de informaci\u00f3n y consentimiento) de su equipo, como las finalidades con las que se utiliza la informaci\u00f3n que almacenan:<\/p>\n\n\n\n<figure class=\"wp-block-table\"><table class=\"has-fixed-layout\"><tbody><tr><td>FINALIDAD<\/td><td>DESCRIPCI\u00d3N<\/td><td>TERCEROS<\/td><\/tr><tr><td>Cookies t\u00e9cnicas<\/td><td>Sirven para controlar el tr\u00e1fico y la comunicaci\u00f3n de datos utilizando elementos de seguridad durante la navegaci\u00f3n. Tambi\u00e9n sirven para identificar y mantener la sesi\u00f3n del usuario, para almacenar contenidos en la difusi\u00f3n de v\u00eddeos o sonidos y para compartir contenido con redes sociales (<em>plug-in<\/em>).<\/td><td>GoogleYouTubeFacebookTwitterLinkedInUserVoiceTealium<\/td><\/tr><tr><td>Cookies de personalizaci\u00f3n<\/td><td>Estas cookies permiten al usuario especificar o personalizar algunas caracter\u00edsticas de las opciones generales de su p\u00e1gina web. Por ejemplo, definir el idioma, el volumen seleccionado como favorito, la configuraci\u00f3n regional del servicio, el tipo de navegador o el n\u00famero de resultados mostrados por cada p\u00e1gina.<\/td><td>YouTubeFacebook<\/td><\/tr><tr><td>Cookies anal\u00edticas<\/td><td>Herramienta de anal\u00edtica que ayuda a los sitios web a entender la forma en que los visitantes interact\u00faan con la web. Puede utilizar un conjunto de cookies para recopilar informaci\u00f3n e informar de las estad\u00edsticas de uso de los sitios web sin identificar personalmente a los visitantes.<\/td><td>Google AnalyticsYouTubeTwitterAdobe Analytics<\/td><\/tr><tr><td>Cookies publicitarias<\/td><td>Las cookies publicitarias permiten la gesti\u00f3n de los espacios publicitarios de la web en base a criterios concretos. Por ejemplo, la frecuencia de acceso, contenido editado, etc.<\/td><td>DoubleClickGoogleCriteoAdgravityAdformAdobeEulerianWeborama<\/td><\/tr><tr><td>Cookies Flash<\/td><td>Tambi\u00e9n utilizamos cookies Flash para almacenar sus preferencias, como el control del volumen, o para mostrar contenido en base a lo que consulta en nuestro sitio web y as\u00ed personalizar su visita. Terceras empresas, con las que colaboramos para proporcionar determinadas caracter\u00edsticas a nuestro sitio web, utilizan cookies Flash para recopilar y almacenar datos de car\u00e1cter no personal. Las cookies Flash son distintas de las cookies de sesi\u00f3n o persistentes en cuanto a la cantidad, el tipo y la forma de almacenar los datos. Las herramientas de gesti\u00f3n de cookies proporcionadas por su navegador no eliminar\u00e1n las cookies Flash.<\/td><td>&nbsp;<\/td><\/tr><\/tbody><\/table><\/figure>\n\n\n\n<h2 class=\"wp-block-heading\">\u00bfC\u00d3MO PUEDO CAMBIAR LA CONFIGURACI\u00d3N DE LAS COOKIES?<\/h2>\n\n\n\n<ul class=\"wp-block-list\">\n<li><a href=\"https:\/\/support.microsoft.com\/en-us\/windows\/delete-and-manage-cookies-168dab11-0753-043d-7c16-ede5947fc64d\" target=\"_blank\" rel=\"noreferrer noopener\">Configuraci\u00f3n de cookies de Internet Explorer<\/a><\/li>\n\n\n\n<li><a href=\"https:\/\/support.mozilla.org\/es\/kb\/habilitar-y-deshabilitar-cookies-sitios-web-rastrear-preferencias?redirectslug=habilitar-y-deshabilitar-cookies-que-los-sitios-we&amp;redirectlocale=es\" target=\"_blank\" rel=\"noreferrer noopener\">Configuraci\u00f3n de cookies de Firefox<\/a><\/li>\n\n\n\n<li><a href=\"https:\/\/support.google.com\/chrome\/answer\/95647?hl=es\" target=\"_blank\" rel=\"noreferrer noopener\">Configuraci\u00f3n de cookies de Google Chrome<\/a><\/li>\n\n\n\n<li><a href=\"https:\/\/www.apple.com\/legal\/privacy\/es\/cookies\/\" target=\"_blank\" rel=\"noreferrer noopener\">Configuraci\u00f3n de cookies de Safari<\/a><\/li>\n\n\n\n<li><a href=\"http:\/\/www.macromedia.com\/support\/documentation\/es\/flashplayer\/help\/settings_manager03.html\">Configuraci\u00f3n de cookies Flash<\/a><\/li>\n<\/ul>\n\n\n\n<p>Si no desea permitir almacenar ning\u00fan tipo de dato de Flash Player, deseleccione las casillas \u201cPermitir que el contenido de Flash almacene informaci\u00f3n en el equipo\u201d y \u201cAlmacenar los componentes comunes de Flash para reducir los tiempos de descarga\u201d. Si desea limitar la cantidad de datos recogidos por las aplicaciones Flash deslice el indicador de la barra del panel de configuraci\u00f3n global de almacenamiento en la posici\u00f3n que desee.<\/p>\n\n\n\n<p>Estos navegadores est\u00e1n sometidos a actualizaciones o modificaciones, por lo que no podemos garantizar que se ajusten por completo a la versi\u00f3n de su navegador. Tambi\u00e9n puede utilizar un navegador no incluido en estos enlaces, como Konqueror, Arora, Flock, etc. Para evitar estos desajustes, puede acceder directamente desde las opciones de su navegador, generalmente en el men\u00fa de Opciones en la secci\u00f3n de Privacidad. (Por favor, consulte la ayuda de su navegador para m\u00e1s informaci\u00f3n.)<\/p>\n\n\n\n<h2 class=\"wp-block-heading\">REVOCACI\u00d3N DEL CONSENTIMIENTO<\/h2>\n\n\n\n<p>Tambi\u00e9n es posible limitar c\u00f3mo las webs de terceros instalan cookies en su ordenador, a fin de evitar la recolecci\u00f3n de datos y el registro de su actividad de navegaci\u00f3n. Para limitar el uso de cookies de terceros puede dirigirse a la web de configuraci\u00f3n u OptOut:<\/p>\n\n\n\n<ul class=\"wp-block-list\">\n<li><a href=\"https:\/\/tools.google.com\/dlpage\/gaoptout?hl=None\">Google Analytics<\/a><\/li>\n\n\n\n<li><a href=\"https:\/\/www.google.com\/settings\/ads\/plugin\">DoubleClick<\/a><\/li>\n\n\n\n<li><a href=\"https:\/\/www.google.com\/settings\/ads\">Google<\/a><\/li>\n\n\n\n<li><a href=\"http:\/\/www.macromedia.com\/support\/documentation\/es\/flashplayer\/help\/settings_manager07.html\">Flash Cookies YouTube<\/a><\/li>\n<\/ul>\n\n\n\n<p>Seleccione la opci\u00f3n \u201cEliminar todos los sitios\u201d o seleccione la web espec\u00edfica que desee suprimir y \u201cEliminar sitio web\u201d.<\/p>\n\n\n\n<p>Tenga en cuenta que si rechaza o borra las cookies de navegaci\u00f3n por la web, no podremos mantener sus preferencias, algunas caracter\u00edsticas de las p\u00e1ginas no estar\u00e1n operativas, no le podremos ofrecer servicios personalizados y cada vez que quiera navegar por nuestra web deberemos volver a solicitar su autorizaci\u00f3n para el uso de cookies.<\/p>\n\n\n\n<p>Si, aun as\u00ed, decide modificar la configuraci\u00f3n de su acceso a la p\u00e1gina web, debe saber que es posible eliminar las cookies o impedir que se registre esta informaci\u00f3n en su equipo en cualquier momento mediante la modificaci\u00f3n de los par\u00e1metros de configuraci\u00f3n de su navegador.<\/p>\n\n\n\n<p>Esta pol\u00edtica se revisa peri\u00f3dicamente para asegurar su vigencia, por lo que puede ser modificada. Le recomendamos que visite la p\u00e1gina con regularidad, ya que le comunicaremos cualquier actualizaci\u00f3n en este sentido.<\/p>","protected":false},"excerpt":{"rendered":"<p>Este sitio web utiliza cookies propias y de terceros para evaluar y mejorar experiencia de navegaci\u00f3n de los usuarios. A trav\u00e9s de esta pol\u00edtica de galletas, detallamos el uso que hacemos: \u00bfQU\u00c9 SON LAS COOKIES? Las cookies son peque\u00f1os archivos de datos que se reciben en el terminal desde el sitio web visitado y se utilizan para registrar [\u2026]<\/p>","protected":false},"author":1,"featured_media":0,"parent":0,"menu_order":0,"comment_status":"closed","ping_status":"closed","template":"","meta":{"_acf_changed":false,"footnotes":""},"class_list":["post-513","page","type-page","status-publish","hentry"],"acf":[],"yoast_head":"<!-- This site is optimized with the Yoast SEO plugin v24.0 - https:\/\/yoast.com\/wordpress\/plugins\/seo\/ -->\n<title>Pol\u00edtica de Cookies - Perits.org<\/title>\n<meta name=\"robots\" content=\"index, follow, max-snippet:-1, max-image-preview:large, max-video-preview:-1\" \/>\n<link rel=\"canonical\" href=\"https:\/\/perits.org\/es\/politica-de-cookies\/\" \/>\n<meta property=\"og:locale\" content=\"es_ES\" \/>\n<meta property=\"og:type\" content=\"article\" \/>\n<meta property=\"og:title\" content=\"Pol\u00edtica de Cookies - Perits.org\" \/>\n<meta property=\"og:description\" content=\"Aquest lloc web utilitza galetes (cookies) pr\u00f2pies i de tercers per avaluar i millorar experi\u00e8ncia de navegaci\u00f3 dels usuaris. A trav\u00e9s d&#8217;aquesta pol\u00edtica de galetes, detallem l&#8217;\u00fas que fem: QU\u00c8 S\u00d3N LES COOKIES? Les cookies s\u00f3n petits arxius de dades que es reben en el terminal des del lloc web visitat i s&#8217;utilitzen per registrar [&hellip;]\" \/>\n<meta property=\"og:url\" content=\"https:\/\/perits.org\/es\/politica-de-cookies\/\" \/>\n<meta property=\"og:site_name\" content=\"Perits.org\" \/>\n<meta property=\"article:modified_time\" content=\"2024-12-07T20:51:32+00:00\" \/>\n<meta name=\"twitter:card\" content=\"summary_large_image\" \/>\n<meta name=\"twitter:label1\" content=\"Tiempo de lectura\" \/>\n\t<meta name=\"twitter:data1\" content=\"7 minutos\" \/>\n<script type=\"application\/ld+json\" class=\"yoast-schema-graph\">{\"@context\":\"https:\/\/schema.org\",\"@graph\":[{\"@type\":\"WebPage\",\"@id\":\"https:\/\/perits.org\/politica-de-cookies\/\",\"url\":\"https:\/\/perits.org\/politica-de-cookies\/\",\"name\":\"Pol\u00edtica de Cookies - Perits.org\",\"isPartOf\":{\"@id\":\"https:\/\/perits.org\/#website\"},\"datePublished\":\"2024-12-07T20:51:31+00:00\",\"dateModified\":\"2024-12-07T20:51:32+00:00\",\"breadcrumb\":{\"@id\":\"https:\/\/perits.org\/politica-de-cookies\/#breadcrumb\"},\"inLanguage\":\"es\",\"potentialAction\":[{\"@type\":\"ReadAction\",\"target\":[\"https:\/\/perits.org\/politica-de-cookies\/\"]}]},{\"@type\":\"BreadcrumbList\",\"@id\":\"https:\/\/perits.org\/politica-de-cookies\/#breadcrumb\",\"itemListElement\":[{\"@type\":\"ListItem\",\"position\":1,\"name\":\"Inici\",\"item\":\"https:\/\/perits.org\/\"},{\"@type\":\"ListItem\",\"position\":2,\"name\":\"Pol\u00edtica de Cookies\"}]},{\"@type\":\"WebSite\",\"@id\":\"https:\/\/perits.org\/#website\",\"url\":\"https:\/\/perits.org\/\",\"name\":\"Perits.org\",\"description\":\"\",\"potentialAction\":[{\"@type\":\"SearchAction\",\"target\":{\"@type\":\"EntryPoint\",\"urlTemplate\":\"https:\/\/perits.org\/?s={search_term_string}\"},\"query-input\":{\"@type\":\"PropertyValueSpecification\",\"valueRequired\":true,\"valueName\":\"search_term_string\"}}],\"inLanguage\":\"es\"}]}<\/script>\n<!-- \/ Yoast SEO plugin. -->","yoast_head_json":{"title":"Pol\u00edtica de Cookies - Perits.org","robots":{"index":"index","follow":"follow","max-snippet":"max-snippet:-1","max-image-preview":"max-image-preview:large","max-video-preview":"max-video-preview:-1"},"canonical":"https:\/\/perits.org\/es\/politica-de-cookies\/","og_locale":"es_ES","og_type":"article","og_title":"Pol\u00edtica de Cookies - Perits.org","og_description":"Aquest lloc web utilitza galetes (cookies) pr\u00f2pies i de tercers per avaluar i millorar experi\u00e8ncia de navegaci\u00f3 dels usuaris. A trav\u00e9s d&#8217;aquesta pol\u00edtica de galetes, detallem l&#8217;\u00fas que fem: QU\u00c8 S\u00d3N LES COOKIES? Les cookies s\u00f3n petits arxius de dades que es reben en el terminal des del lloc web visitat i s&#8217;utilitzen per registrar [&hellip;]","og_url":"https:\/\/perits.org\/es\/politica-de-cookies\/","og_site_name":"Perits.org","article_modified_time":"2024-12-07T20:51:32+00:00","twitter_card":"summary_large_image","twitter_misc":{"Tiempo de lectura":"7 minutos"},"schema":{"@context":"https:\/\/schema.org","@graph":[{"@type":"WebPage","@id":"https:\/\/perits.org\/politica-de-cookies\/","url":"https:\/\/perits.org\/politica-de-cookies\/","name":"Pol\u00edtica de Cookies - Perits.org","isPartOf":{"@id":"https:\/\/perits.org\/#website"},"datePublished":"2024-12-07T20:51:31+00:00","dateModified":"2024-12-07T20:51:32+00:00","breadcrumb":{"@id":"https:\/\/perits.org\/politica-de-cookies\/#breadcrumb"},"inLanguage":"es","potentialAction":[{"@type":"ReadAction","target":["https:\/\/perits.org\/politica-de-cookies\/"]}]},{"@type":"BreadcrumbList","@id":"https:\/\/perits.org\/politica-de-cookies\/#breadcrumb","itemListElement":[{"@type":"ListItem","position":1,"name":"Inici","item":"https:\/\/perits.org\/"},{"@type":"ListItem","position":2,"name":"Pol\u00edtica de Cookies"}]},{"@type":"WebSite","@id":"https:\/\/perits.org\/#website","url":"https:\/\/perits.org\/","name":"Perits.org","description":"","potentialAction":[{"@type":"SearchAction","target":{"@type":"EntryPoint","urlTemplate":"https:\/\/perits.org\/?s={search_term_string}"},"query-input":{"@type":"PropertyValueSpecification","valueRequired":true,"valueName":"search_term_string"}}],"inLanguage":"es"}]}},"_links":{"self":[{"href":"https:\/\/perits.org\/es\/wp-json\/wp\/v2\/pages\/513","targetHints":{"allow":["GET"]}}],"collection":[{"href":"https:\/\/perits.org\/es\/wp-json\/wp\/v2\/pages"}],"about":[{"href":"https:\/\/perits.org\/es\/wp-json\/wp\/v2\/types\/page"}],"author":[{"embeddable":true,"href":"https:\/\/perits.org\/es\/wp-json\/wp\/v2\/users\/1"}],"replies":[{"embeddable":true,"href":"https:\/\/perits.org\/es\/wp-json\/wp\/v2\/comments?post=513"}],"version-history":[{"count":1,"href":"https:\/\/perits.org\/es\/wp-json\/wp\/v2\/pages\/513\/revisions"}],"predecessor-version":[{"id":514,"href":"https:\/\/perits.org\/es\/wp-json\/wp\/v2\/pages\/513\/revisions\/514"}],"wp:attachment":[{"href":"https:\/\/perits.org\/es\/wp-json\/wp\/v2\/media?parent=513"}],"curies":[{"name":"wp","href":"https:\/\/api.w.org\/{rel}","templated":true}]}}