{"id":507,"date":"2024-12-07T21:43:27","date_gmt":"2024-12-07T20:43:27","guid":{"rendered":"https:\/\/perits.org\/avis-legal\/"},"modified":"2025-05-28T18:59:40","modified_gmt":"2025-05-28T16:59:40","slug":"avis-legal","status":"publish","type":"page","link":"https:\/\/perits.org\/es\/avis-legal\/","title":{"rendered":"Aviso legal"},"content":{"rendered":"<p>De acuerdo con el art\u00edculo 10 de la Ley 34\/2002, de 11 de julio, de Servicios de la Sociedad de la Informaci\u00f3n y de Comercio Electr\u00f3nico (LSSI-CE), ASOCIACI\u00d3N CATALANA DE PERITOS JUDICIALES Y FORENSAS informa de los siguientes datos:<\/p>\n\n\n\n<h2 class=\"wp-block-heading\">TITULAR WEB<\/h2>\n\n\n\n<p>El titular de esta p\u00e1gina web es ASOCIACI\u00d3N CATALANA DE PERITOS JUDICIALES Y FORENSAS con CIF G56293341, denominaci\u00f3n comercial ASOCIACI\u00d3N CATALANA DE PERITOS JUDICIALES Y FORENSAS y domicilio social en la av. Diagonal 449, 4\u00ba de Barcelona, 08036, Barcelona. La direcci\u00f3n de correo electr\u00f3nico de contacto de la empresa es info@perits.org.<\/p>\n\n\n\n<p>La presente informaci\u00f3n regula las condiciones de uso, limitaciones de responsabilidad y obligaciones que los usuarios de la p\u00e1gina Web que se publica bajo el nombre del dominio www.perits.org, las cuales los usuarios asumen y se comprometen a respetar.<\/p>\n\n\n\n<h2 class=\"wp-block-heading\">OBJETO<\/h2>\n\n\n\n<p>A trav\u00e9s de este sitio Web, ASOCIACI\u00d3N CATALANA DE PERITOS JUDICIALES Y FORENSES ofrece sus servicios buscando satisfacer las necesidades de nuestros usuarios, facilitando el acceso a la utilizaci\u00f3n de nuestros servicios y gui\u00e1ndoles a los pasos que deben seguir en la navegaci\u00f3n.<\/p>\n\n\n\n<h2 class=\"wp-block-heading\">CONDICIONES DE USO<\/h2>\n\n\n\n<p>La utilizaci\u00f3n de la p\u00e1gina como Usuario implica la aceptaci\u00f3n de las condiciones del aviso legal, pol\u00edtica de privacidad y condiciones de uso. Si el usuario no estuviera conforme, se abstendr\u00e1 de utilizarla. El usuario est\u00e1 obligado y se compromete a utilizar la p\u00e1gina y sus contenidos de acuerdo con la legislaci\u00f3n vigente, el aviso legal y cualquier otro aviso contenido en esta p\u00e1gina, as\u00ed como las normas de convivencia, moral y buenas costumbres generalmente aceptadas.<\/p>\n\n\n\n<p>El Usuario se obliga y se compromete a no transmitir, difundir o poner a disposici\u00f3n de terceros cualquier contenido de la p\u00e1gina, tales como informaciones, textos, datos, contenidos, mensajes, gr\u00e1ficos, dibujos, archivos de sonido o imagen, fotograf\u00edas, grabaciones, software, logotipos, marcas, iconos, tecnolog\u00eda, dise\u00f1o, c\u00f3digos o cualquier otro material al que tuviera acceso a la misma limitativo.<\/p>\n\n\n\n<h2 class=\"wp-block-heading\">PROPIEDAD INTELECTUAL E INDUSTRIAL<\/h2>\n\n\n\n<p>Todas las marcas, nombres comerciales o signos distintivos de cualquier tipo que aparecen en esta p\u00e1gina son propiedad de ASOCIACI\u00d3N CATALANA DE PERITOS JUDICIALES Y FORENSAS o, en todo caso, de terceros que deben autorizar su uso, sin que pueda entenderse que el uso o acceso al portal oa sus contenidos d\u00e9 derecho al usuario sobre las citadas ma. Igualmente, no pueden entenderse como cedidos al usuario ninguno de los derechos de explotaci\u00f3n que existen o puedan existir sobre sus contenidos.<\/p>\n\n\n\n<h2 class=\"wp-block-heading\">POL\u00cdTICA DE ENLACES<\/h2>\n\n\n\n<p>En caso de que un usuario introduzca un enlace desde su propia p\u00e1gina web a la de ASOCIACI\u00d3N CATALANA DE PERITOS JUDICIALES Y FORENSAS, este enlace \u00fanicamente vincular\u00e1 con la p\u00e1gina principal de este \u00faltimo pero no podr\u00e1 reproducirla en modo alguno y, en caso de que se visualicen sus contenidos con contenidos ajenos, estos contenidos ajenos no podr\u00e1n llevar a error, acto de comparaci\u00f3n, imitaci\u00f3n desleal o aprovechamiento de la reputaci\u00f3n del nombre de ASOCIACI\u00d3N CATALANA DE PERITOS JUDICIALES Y FORENSAS.<\/p>\n\n\n\n<p>Desde la p\u00e1gina donde se introduce el enlace no se realizar\u00e1 ning\u00fan tipo de manifestaci\u00f3n falsa o inexacta sobre ASOCIACI\u00d3N CATALANA DE PERITOS JUDICIALES Y FORENSAS, sus empresas asociadas o trabajadores, ni se indicar\u00e1 que se dispone de su consentimiento para insertar este enlace o guarda relaci\u00f3n con ellos.<\/p>\n\n\n\n<p>La p\u00e1gina que introduzca el enlace debe cumplir la ley y no disponer o enlazar con contenidos il\u00edcitos o contrarios a la moral y las buenas costumbres.<\/p>\n\n\n\n<p>La existencia de p\u00e1ginas con enlaces no supone que existan acuerdos con los responsables o titulares de estas p\u00e1ginas, por tanto, ASOCIACI\u00d3N CATALANA DE PERITOS JUDICIALES Y FORENSAS no se hace responsable por los da\u00f1os producidos por la ilicitud, calidad, desactualizaci\u00f3n, error o inutilidad de sus contenidos, de los que es desconocedor. En cualquier caso, si el usuario tuviera conocimiento de que las p\u00e1ginas enlazadas remiten a p\u00e1ginas con contenidos o servicios il\u00edcitos o contrarios a la moral, deber\u00eda ponerlos en conocimiento de ASOCIACI\u00d3N CATALANA DE PERITOS JUDICIALES Y FORENSES, mediante la direcci\u00f3n de correo info@perits.org.<\/p>\n\n\n\n<h2 class=\"wp-block-heading\">REDES SOCIALES OFICIALES<\/h2>\n\n\n\n<p>El prestador de servicios de las p\u00e1ginas oficiales de ASOCIACI\u00d3N CATALANA DE PERITOS JUDICIALES Y FORENSAS en las redes sociales es ASOCIACI\u00d3N CATALANA DE PERITOS JUDICIALES Y FORENSAS con CIF G56293341 y domicilio en av. Diagonal 449, 4\u00ba de Barcelona, 08036, Barcelona. Para cualquier consulta, el usuario podr\u00e1 dirigirse a esta direcci\u00f3n o bien al correo electr\u00f3nico info@perits.org.<\/p>\n\n\n\n<p>El acceso y uso de estas p\u00e1ginas comporta la aceptaci\u00f3n de las condiciones generales de uso de redes sociales y la pol\u00edtica de privacidad detallada a continuaci\u00f3n y se completa con la pol\u00edtica y normas de las plataformas de cada red social.<\/p>\n\n\n\n<p><strong>Condiciones de uso de las p\u00e1ginas oficiales de ASOCIACI\u00d3N CATALANA DE PERITOS JUDICIALES Y FORENSAS las redes sociales<\/strong><\/p>\n\n\n\n<p>Por favor, lea la Pol\u00edtica de privacidad de las redes sociales a las que acceda, ya que contienen toda la informaci\u00f3n relativa a sus derechos y obligaciones como usuarios de las p\u00e1ginas oficiales de ASOCIACI\u00d3N CATALANA DE PERITOS JUDICIALES Y FORENSAS en las redes sociales.<\/p>\n\n\n\n<ul class=\"wp-block-list\">\n<li>Facebook:&nbsp;<a href=\"https:\/\/www.facebook.com\/help\/323540651073243\/\" target=\"_blank\" rel=\"noreferrer noopener\">https:\/\/www.facebook.com\/help\/323540651073243\/<\/a><\/li>\n\n\n\n<li>Twitter:&nbsp;<a href=\"https:\/\/twitter.com\/privacy\" target=\"_blank\" rel=\"noreferrer noopener\">https:\/\/twitter.com\/privacy<\/a><\/li>\n\n\n\n<li>Instagram:&nbsp;<a href=\"http:\/\/instagram.com\/about\/legal\/privacy\/\" target=\"_blank\" rel=\"noreferrer noopener\">http:\/\/instagram.com\/about\/legal\/privacy\/<\/a><\/li>\n\n\n\n<li>Linkedin:&nbsp;<a href=\"http:\/\/www.linkedin.com\/legal\/privacy-policy?trk=hb_ft_priv\" target=\"_blank\" rel=\"noreferrer noopener\">http:\/\/www.linkedin.com\/legal\/privacy-policy?trk=hb_ft_priv<\/a><\/li>\n\n\n\n<li>Google+:&nbsp;<a href=\"http:\/\/www.google.com\/intl\/es\/policies\/privacy\/\" target=\"_blank\" rel=\"noreferrer noopener\">http:\/\/www.google.com\/intl\/es\/policies\/privacy\/<\/a><\/li>\n<\/ul>\n\n\n\n<p>Cuando el usuario accede o utiliza las p\u00e1ginas oficiales de ASOCIACI\u00d3N CATALANA DE PERITOS JUDICIALES Y FORENSAS en las redes sociales, manifiesta su consentimiento y aceptaci\u00f3n del cumplimiento de lo establecido en las presentes condiciones de uso.<\/p>\n\n\n\n<p>El acceso y uso de las p\u00e1ginas oficiales de ASOCIACI\u00d3N CATALANA DE PERITOS JUDICIALES Y FORENSAS en las redes sociales no est\u00e1 permitido a menores de 14 a\u00f1os.<\/p>\n\n\n\n<p><strong>Usos permitidos y usos prohibidos<\/strong><\/p>\n\n\n\n<p>A trav\u00e9s de las p\u00e1ginas oficiales de ASOCIACI\u00d3N CATALANA DE PERITOS JUDICIALES Y FORENSAS en las redes sociales se facilita un espacio en el que el usuario puede publicar e intercambiar informaci\u00f3n y contenidos, as\u00ed como establecer comunicaci\u00f3n con otros usuarios.<\/p>\n\n\n\n<p>El uso por parte del usuario de las p\u00e1ginas oficiales de ASOCIACI\u00d3N CATALANA DE PERITOS JUDICIALES Y FORENSAS no pueden tener finalidad econ\u00f3mica ni comercial.<\/p>\n\n\n\n<p>El usuario est\u00e1 obligado a hacer un uso razonable de las p\u00e1ginas oficiales de ASOCIACI\u00d3N CATALANA DE PERITOS JUDICIALES Y FORENSAS en las redes sociales y su contenido, seg\u00fan las posibilidades y fines por los que est\u00e1 dise\u00f1ado, seg\u00fan los usos y costumbres, moral, legislaci\u00f3n y normas publicadas por las redes sociales. El usuario ser\u00e1 el \u00fanico responsable de la informaci\u00f3n, im\u00e1genes, opiniones, referencias o contenido de cualquier tipo que comunique, transmita, haga disponible o exponga a trav\u00e9s de las p\u00e1ginas oficiales de ASOCIACI\u00d3N CATALANA DE PERITOS JUDICIALES Y FORENSAS en las redes sociales<\/p>\n\n\n\n<p>ASOCIACI\u00d3N CATALANA DE PERITOS JUDICIALES Y FORENSAS no se hace responsable del contenido publicado por el usuario y declara expresamente que no se identifica con ninguna de las opiniones que los usuarios puedan publicar en las p\u00e1ginas oficiales de ASOCIACI\u00d3N CATALANA DE PERITOS JUDICIALES Y FORENSAS en las redes sociales, cuyas consecuencias se har\u00e1 totalmente responsable.<\/p>\n\n\n\n<h2 class=\"wp-block-heading\">DESCARGO DE RESPONSABILIDAD<\/h2>\n\n\n\n<p>ASOCIACI\u00d3N CATALANA DE PERITOS JUDICIALES Y FORENSES incluye en su sitio web una serie de contenidos sobre sus actividades, productos, estructura, gesti\u00f3n y equipos propios de un sitio web corporativo. ASOCIACI\u00d3N CATALANA DE PERITOS JUDICIALES Y FORENSES excluye cualquier responsabilidad por los da\u00f1os y perjuicios de cualquier tipo que puedan surgir del acceso al contenido, informaci\u00f3n, publicidad, opciones, conceptos e im\u00e1genes facilitadas a los usuarios.<\/p>\n\n\n\n<p>En cualquier caso, ASOCIACI\u00d3N CATALANA DE PERITOS JUDICIALES Y FORENSAS no es responsable de:<\/p>\n\n\n\n<ul class=\"wp-block-list\">\n<li>El mal uso que el usuario pueda realizar del sitio web.<\/li>\n\n\n\n<li>La continuidad de los contenidos.<\/li>\n\n\n\n<li>La ausencia de virus o de otros componentes maliciosos en el sitio web o en el servidor que los suministra, tanto en la visualizaci\u00f3n de los contenidos como en la descarga.<\/li>\n\n\n\n<li>Los contenidos y servicios prestados por otros sitios webs a los que se pueda tener acceso desde las p\u00e1ginas webs de los que es titular.<\/li>\n\n\n\n<li>El mayor o menor rendimiento de los contenidos de la p\u00e1gina web<\/li>\n\n\n\n<li>Los da\u00f1os o perjuicios que pudiera causar a cualquier persona que infrinja las condiciones, normas e instrucciones de uso establecidas en esta p\u00e1gina web<\/li>\n\n\n\n<li>Los da\u00f1os producidos por la vulneraci\u00f3n de los sistemas de seguridad del sitio web.<\/li>\n\n\n\n<li>El mal funcionamiento del software que pueda ser necesario para visualizar determinados contenidos de la p\u00e1gina.<\/li>\n\n\n\n<li>Cualquier acci\u00f3n o actuaci\u00f3n que pudiera realizarse en relaci\u00f3n con la vulneraci\u00f3n de los derechos de terceros, especialmente los referidos a la imagen y propiedad industrial o intelectual.<\/li>\n\n\n\n<li>La edici\u00f3n, revisi\u00f3n, censura y verificaci\u00f3n de los contenidos de las p\u00e1ginas webs a los que los usuarios puedan conectarse a trav\u00e9s de hiperv\u00ednculos.<\/li>\n<\/ul>\n\n\n\n<p><strong>Exenci\u00f3n de responsabilidad por el funcionamiento del sitio web<\/strong><\/p>\n\n\n\n<p>ASOCIACI\u00d3N CATALANA DE PERITOS JUDICIALES Y FORENSES ofrece sus servicios y contenidos de forma permanente utilizando todos los medios t\u00e9cnicos a su alcance para realizar esta prestaci\u00f3n satisfactoriamente.<\/p>\n\n\n\n<p>ASOCIACI\u00d3N CATALANA DE PERITOS JUDICIALES Y FORENSAS podr\u00e1, cuando lo considere conveniente, realizar correcciones, mejoras o modificaciones en la informaci\u00f3n contenida en su sitio, sin que ello d\u00e9 derecho a ninguna reclamaci\u00f3n, indemnizaci\u00f3n o reconocimiento de responsabilidad alguna.<\/p>\n\n\n\n<p>ASOCIACI\u00d3N CATALANA DE PERITOS JUDICIALES Y FORENSES no ser\u00e1 responsable de los da\u00f1os y perjuicios de cualquier naturaleza que pudieran derivarse de la disponibilidad y continuidad t\u00e9cnica del funcionamiento del sitio Web. En cualquier caso, ASOCIACI\u00d3N CATALANA DE PERITOS JUDICIALES Y FORENSES llevar\u00e1 a cabo todas las actuaciones necesarias para restaurar el servicio en caso de quiebra t\u00e9cnica.<\/p>\n\n\n\n<h2 class=\"wp-block-heading\">LEGISLACI\u00d3N y JURISDICCI\u00d3N<\/h2>\n\n\n\n<p>ASOCIACI\u00d3N CATALANA DE PERITOS JUDICIALES Y FORENSAS se reserva el derecho de introducir las acciones civiles o penales que considere oportunas por el uso indebido de su sitio web y contenidos o por incumplimiento de estos t\u00e9rminos y condiciones. Si existe discrepancia entre las disposiciones del presente Aviso Legal y las condiciones particulares de cada servicio espec\u00edfico.<\/p>\n\n\n\n<p>En caso de que cualquier disposici\u00f3n o disposiciones incluidas en este Aviso Legal se considere inv\u00e1lida o inaplicable, total o parcial, por cualquier juzgado, Tribunal u \u00f3rgano administrativo, no afectar\u00e1 al resto de disposiciones de este Aviso Legal, o las condiciones particulares de los diferentes servicios de este sitio Web<\/p>\n\n\n\n<p>El no ejercitar o ejecutar, por parte de ASOCIACI\u00d3N CATALANA DE PERITOS JUDICIALES Y FORENSES de cualquier derecho o disposici\u00f3n contenida en estos t\u00e9rminos y condiciones no constituir\u00e1 una renuncia de la misma, salvo que reconozca por escrito por su parte. La relaci\u00f3n entre el usuario y el proveedor se rige por la normativa vigente y aplicable en territorio espa\u00f1ol. Si surgiera una disputa, las partes pueden someter sus conflictos al arbitraje o acudir a la jurisdicci\u00f3n ordinaria cumpliendo la normativa sobre la jurisdicci\u00f3n y competencia en este sentido.<\/p>","protected":false},"excerpt":{"rendered":"<p>De acuerdo con el art\u00edculo 10 de la Ley 34\/2002, de 11 de julio, de Servicios de la Sociedad de la Informaci\u00f3n y de Comercio Electr\u00f3nico (LSSI-CE), ASOCIACI\u00d3N CATALANA DE PERITOS JUDICIALES Y FORENSAS informa de los siguientes datos: TITULAR WEB El titular de esta p\u00e1gina web es ASOCIACI\u00d3N CATAL G56293341, denominaci\u00f3n [\u2026]<\/p>","protected":false},"author":1,"featured_media":0,"parent":0,"menu_order":6,"comment_status":"closed","ping_status":"closed","template":"","meta":{"_acf_changed":false,"footnotes":""},"class_list":["post-507","page","type-page","status-publish","hentry"],"acf":[],"yoast_head":"<!-- This site is optimized with the Yoast SEO plugin v24.0 - https:\/\/yoast.com\/wordpress\/plugins\/seo\/ -->\n<title>Av\u00eds legal - Perits.org<\/title>\n<meta name=\"robots\" content=\"index, follow, max-snippet:-1, max-image-preview:large, max-video-preview:-1\" \/>\n<link rel=\"canonical\" href=\"https:\/\/perits.org\/es\/avis-legal\/\" \/>\n<meta property=\"og:locale\" content=\"es_ES\" \/>\n<meta property=\"og:type\" content=\"article\" \/>\n<meta property=\"og:title\" content=\"Av\u00eds legal - Perits.org\" \/>\n<meta property=\"og:description\" content=\"D&#8217;acord amb l&#8217;article 10 de la Llei 34\/2002, d&#8217;11 de juliol, de Serveis de la Societat de la Informaci\u00f3 i de Comer\u00e7 Electr\u00f2nic (LSSI-CE), ASSOCIACI\u00d3 CATALANA DE PERITS JUDICIALS I FORENSES informa de les seg\u00fcent dades: TITULAR WEB El titular d&#8217;aquesta p\u00e0gina web \u00e9s ASSOCIACI\u00d3 CATALANA DE PERITS JUDICIALS I FORENSES amb CIF G56293341, denominaci\u00f3 [&hellip;]\" \/>\n<meta property=\"og:url\" content=\"https:\/\/perits.org\/es\/avis-legal\/\" \/>\n<meta property=\"og:site_name\" content=\"Perits.org\" \/>\n<meta property=\"article:modified_time\" content=\"2025-05-28T16:59:40+00:00\" \/>\n<meta name=\"twitter:card\" content=\"summary_large_image\" \/>\n<meta name=\"twitter:label1\" content=\"Tiempo de lectura\" \/>\n\t<meta name=\"twitter:data1\" content=\"11 minutos\" \/>\n<script type=\"application\/ld+json\" class=\"yoast-schema-graph\">{\"@context\":\"https:\/\/schema.org\",\"@graph\":[{\"@type\":\"WebPage\",\"@id\":\"https:\/\/perits.org\/avis-legal\/\",\"url\":\"https:\/\/perits.org\/avis-legal\/\",\"name\":\"Av\u00eds legal - Perits.org\",\"isPartOf\":{\"@id\":\"https:\/\/perits.org\/#website\"},\"datePublished\":\"2024-12-07T20:43:27+00:00\",\"dateModified\":\"2025-05-28T16:59:40+00:00\",\"breadcrumb\":{\"@id\":\"https:\/\/perits.org\/avis-legal\/#breadcrumb\"},\"inLanguage\":\"es\",\"potentialAction\":[{\"@type\":\"ReadAction\",\"target\":[\"https:\/\/perits.org\/avis-legal\/\"]}]},{\"@type\":\"BreadcrumbList\",\"@id\":\"https:\/\/perits.org\/avis-legal\/#breadcrumb\",\"itemListElement\":[{\"@type\":\"ListItem\",\"position\":1,\"name\":\"Inici\",\"item\":\"https:\/\/perits.org\/\"},{\"@type\":\"ListItem\",\"position\":2,\"name\":\"Av\u00eds legal\"}]},{\"@type\":\"WebSite\",\"@id\":\"https:\/\/perits.org\/#website\",\"url\":\"https:\/\/perits.org\/\",\"name\":\"Perits.org\",\"description\":\"\",\"potentialAction\":[{\"@type\":\"SearchAction\",\"target\":{\"@type\":\"EntryPoint\",\"urlTemplate\":\"https:\/\/perits.org\/?s={search_term_string}\"},\"query-input\":{\"@type\":\"PropertyValueSpecification\",\"valueRequired\":true,\"valueName\":\"search_term_string\"}}],\"inLanguage\":\"es\"}]}<\/script>\n<!-- \/ Yoast SEO plugin. -->","yoast_head_json":{"title":"Av\u00eds legal - Perits.org","robots":{"index":"index","follow":"follow","max-snippet":"max-snippet:-1","max-image-preview":"max-image-preview:large","max-video-preview":"max-video-preview:-1"},"canonical":"https:\/\/perits.org\/es\/avis-legal\/","og_locale":"es_ES","og_type":"article","og_title":"Av\u00eds legal - Perits.org","og_description":"D&#8217;acord amb l&#8217;article 10 de la Llei 34\/2002, d&#8217;11 de juliol, de Serveis de la Societat de la Informaci\u00f3 i de Comer\u00e7 Electr\u00f2nic (LSSI-CE), ASSOCIACI\u00d3 CATALANA DE PERITS JUDICIALS I FORENSES informa de les seg\u00fcent dades: TITULAR WEB El titular d&#8217;aquesta p\u00e0gina web \u00e9s ASSOCIACI\u00d3 CATALANA DE PERITS JUDICIALS I FORENSES amb CIF G56293341, denominaci\u00f3 [&hellip;]","og_url":"https:\/\/perits.org\/es\/avis-legal\/","og_site_name":"Perits.org","article_modified_time":"2025-05-28T16:59:40+00:00","twitter_card":"summary_large_image","twitter_misc":{"Tiempo de lectura":"11 minutos"},"schema":{"@context":"https:\/\/schema.org","@graph":[{"@type":"WebPage","@id":"https:\/\/perits.org\/avis-legal\/","url":"https:\/\/perits.org\/avis-legal\/","name":"Av\u00eds legal - Perits.org","isPartOf":{"@id":"https:\/\/perits.org\/#website"},"datePublished":"2024-12-07T20:43:27+00:00","dateModified":"2025-05-28T16:59:40+00:00","breadcrumb":{"@id":"https:\/\/perits.org\/avis-legal\/#breadcrumb"},"inLanguage":"es","potentialAction":[{"@type":"ReadAction","target":["https:\/\/perits.org\/avis-legal\/"]}]},{"@type":"BreadcrumbList","@id":"https:\/\/perits.org\/avis-legal\/#breadcrumb","itemListElement":[{"@type":"ListItem","position":1,"name":"Inici","item":"https:\/\/perits.org\/"},{"@type":"ListItem","position":2,"name":"Av\u00eds legal"}]},{"@type":"WebSite","@id":"https:\/\/perits.org\/#website","url":"https:\/\/perits.org\/","name":"Perits.org","description":"","potentialAction":[{"@type":"SearchAction","target":{"@type":"EntryPoint","urlTemplate":"https:\/\/perits.org\/?s={search_term_string}"},"query-input":{"@type":"PropertyValueSpecification","valueRequired":true,"valueName":"search_term_string"}}],"inLanguage":"es"}]}},"_links":{"self":[{"href":"https:\/\/perits.org\/es\/wp-json\/wp\/v2\/pages\/507","targetHints":{"allow":["GET"]}}],"collection":[{"href":"https:\/\/perits.org\/es\/wp-json\/wp\/v2\/pages"}],"about":[{"href":"https:\/\/perits.org\/es\/wp-json\/wp\/v2\/types\/page"}],"author":[{"embeddable":true,"href":"https:\/\/perits.org\/es\/wp-json\/wp\/v2\/users\/1"}],"replies":[{"embeddable":true,"href":"https:\/\/perits.org\/es\/wp-json\/wp\/v2\/comments?post=507"}],"version-history":[{"count":2,"href":"https:\/\/perits.org\/es\/wp-json\/wp\/v2\/pages\/507\/revisions"}],"predecessor-version":[{"id":842,"href":"https:\/\/perits.org\/es\/wp-json\/wp\/v2\/pages\/507\/revisions\/842"}],"wp:attachment":[{"href":"https:\/\/perits.org\/es\/wp-json\/wp\/v2\/media?parent=507"}],"curies":[{"name":"wp","href":"https:\/\/api.w.org\/{rel}","templated":true}]}}