{"id":3,"date":"2024-11-14T15:23:05","date_gmt":"2024-11-14T14:23:05","guid":{"rendered":"https:\/\/www.hectorgarrofe.com\/?page_id=3"},"modified":"2024-12-07T21:49:46","modified_gmt":"2024-12-07T20:49:46","slug":"politica-privacidad","status":"publish","type":"page","link":"https:\/\/perits.org\/es\/politica-privacidad\/","title":{"rendered":"Pol\u00edtica de privacidad"},"content":{"rendered":"<p>La visita a este sitio web no implica que el usuario est\u00e9 obligado a facilitar informaci\u00f3n personal alguna. Sin embargo, durante la visita, es posible que se solicite informaci\u00f3n personal a trav\u00e9s de formularios, la cual el usuario podr\u00e1 facilitar voluntariamente.<\/p>\n\n\n\n<p>Los datos que se solicitan en esta p\u00e1gina web son adecuados, pertinentes y estrictamente necesarios para poder prestar los servicios ofrecidos y en ning\u00fan caso est\u00e1n obligados a proporcionar, aunque debe saber que la no comunicaci\u00f3n puede afectar o imposibilitar la prestaci\u00f3n del servicio.<\/p>\n\n\n\n<p>El consentimiento expreso que proporciona al aceptar esta pol\u00edtica de privacidad antes de facilitar informaci\u00f3n personal, nos da las bases legales para su tratamiento. De acuerdo con las normas del Reglamento General de Protecci\u00f3n de Datos y dem\u00e1s normativa vigente, y basado en los principios de transparencia, lealtad y legalidad, detallamos el tratamiento que se har\u00e1n de sus datos personales:<\/p>\n\n\n\n<p><strong>1.- RESPONSABLE DEL TRATAMIENTO<\/strong><\/p>\n\n\n\n<p>Sus datos personales formar\u00e1n parte de un archivo llamado Usuarios web, cuyo responsable y de su tratamiento es:<\/p>\n\n\n\n<ul class=\"wp-block-list\">\n<li>ASOCIACI\u00d3N CATALANA DE PERITOS JUDICIALES Y FORENSAS<\/li>\n\n\n\n<li>CIF: G56293341<\/li>\n\n\n\n<li>Domicilio social: av. Diagonal 449, 4\u00ba de Barcelona, 08036, Barcelona<\/li>\n\n\n\n<li>Email: info@perits.org<\/li>\n\n\n\n<li>Tel\u00e9fono: 934100405<\/li>\n\n\n\n<li>Datos del DPD: OCTALIA COMPLIANCE. info@octalia.es<\/li>\n<\/ul>\n\n\n\n<p><strong>2<\/strong>.-&nbsp;<strong>LEGITIMACI\u00d3N<\/strong><\/p>\n\n\n\n<p>La base legal para el tratamiento de datos es la ejecuci\u00f3n de la relaci\u00f3n contractual. Ser\u00e1 necesario que el usuario facilite los datos necesarios requeridos como obligatorios. Si no se facilitan los datos requeridos, podr\u00eda implicar la resoluci\u00f3n de la relaci\u00f3n contractual.<\/p>\n\n\n\n<p>Igualmente, en caso de errores o modificaciones a los datos facilitados, deber\u00e1 comunicar los cambios necesarios.<\/p>\n\n\n\n<p><strong>3.- FINALIDAD Y CONSERVACI\u00d3N DE LOS DATOS<\/strong><\/p>\n\n\n\n<p>Los datos personales facilitados en esta p\u00e1gina web ser\u00e1n tratados exclusivamente con la finalidad de enviarle la informaci\u00f3n solicitada. Adem\u00e1s, si lo consiente expl\u00edcitamente, podemos enviarle correos electr\u00f3nicos con informaci\u00f3n sobre nuestros servicios y actividades que esperamos sean de su inter\u00e9s. ser capaces de responder de su veracidad.<\/p>\n\n\n\n<p>Conservaremos sus datos el tiempo necesario para llevar a cabo la finalidad para la que han sido facilitados y ser capaces de cumplir, en su caso, las responsabilidades legales que puedan derivarse de ellas. Si no ejerce su derecho de oposici\u00f3n o cancelaci\u00f3n al tratamiento de sus datos, entendemos que sigue interesado en seguir siendo parte de nuestro fichero de clientes mientras que el tratamiento sea adecuado a la finalidad por la que se facilitaron.<\/p>\n\n\n\n<p>Usted puede retirar su consentimiento para cualquier prop\u00f3sito particular que anteriormente hubiera aceptado sin que tenga implicaci\u00f3n en la legalidad del tratamiento basado en ese consentimiento<\/p>\n\n\n\n<p><strong>4.- CESI\u00d3N DE LOS DATOS<\/strong><\/p>\n\n\n\n<p>Sus datos no ser\u00e1n comunicados a terceros, salvo a los socios de negocio siempre que esta cesi\u00f3n comporte una mejora del servicio para el que se cedieron, exista obligaci\u00f3n legal o se hubiera informado expl\u00edcitamente.<\/p>\n\n\n\n<p><strong>5.- DERECHOS DEL USUARIO SOBRE LOS DATOS PERSONALES<\/strong><\/p>\n\n\n\n<p>Le informamos de los derechos de que dispone al cedernos sus datos personales:<\/p>\n\n\n\n<ul class=\"wp-block-list\">\n<li>Derecho al acceso a sus datos<\/li>\n\n\n\n<li>Derecho de rectificaci\u00f3n<\/li>\n\n\n\n<li>Derecho de supresi\u00f3n<\/li>\n\n\n\n<li>Derecho de oposici\u00f3n<\/li>\n\n\n\n<li>Derecho a la portabilidad<\/li>\n\n\n\n<li>Derecho a la limitaci\u00f3n de su tratamiento<\/li>\n<\/ul>\n\n\n\n<p>Puede ejercitar cualquiera de estos derechos por escrito en nuestro domicilio o por correo electr\u00f3nico info@perits.org, siempre, incluyendo fotocopia del documento nacional de identidad o equivalente.<\/p>\n\n\n\n<p>Tiene m\u00e1s informaci\u00f3n sobre sus derechos y formas de ejercerlos en la web de la Agencia Espa\u00f1ola de protecci\u00f3n de datos&nbsp;<a href=\"http:\/\/www.agpd.es\/\">www.agpd.es<\/a><\/p>\n\n\n\n<p>6.-&nbsp;&nbsp;<strong>REDES SOCIALES<\/strong><\/p>\n\n\n\n<p>La visita a los perfiles p\u00fablicos de ASOCIACI\u00d3N CATALANA DE PERITOS JUDICIALES Y FORENSAS<strong>&nbsp;<\/strong>&nbsp;en las redes sociales no supone la captaci\u00f3n de datos personales, salvo que se autorice expresamente.<\/p>\n\n\n\n<p><strong>7.- PROTECCI\u00d3N Y CONFIDENCIALIDAD DE SUS DATOS<\/strong><\/p>\n\n\n\n<p>Utilizamos medidas t\u00e9cnicas y organizativas para garantizar la seguridad y confidencialidad de sus datos personales, evitando su p\u00e9rdida, alteraci\u00f3n y tratamiento no autorizado. Nuestro personal ha sido entrenado y tomado el compromiso de confidencialidad para su tratamiento.<\/p>\n\n\n\n<p><strong>8.- ENV\u00cdO DE COMUNICACIONES<\/strong><\/p>\n\n\n\n<p>Los datos utilizados o facilitados en las comunicaciones informativas y\/o promocionales son tratados por ASOCIACI\u00d3N CATALANA DE PERITOS JUDICIALES Y FORENSES para el fin de marketing realizadas mediante tecnolog\u00edas al efecto; y la elaboraci\u00f3n de perfiles con fines comerciales.<\/p>\n\n\n\n<p>Constituye base jur\u00eddica de los referidos tratamientos el consentimiento expreso otorgado por el Usuario. El consentimiento para el env\u00edo de estas comunicaciones podr\u00e1 ser revocado en todo momento en cada una de las comunicaciones recibidas mediante el mecanismo habilitado al efecto. El criterio de conservaci\u00f3n de los datos tendr\u00e1 base en la manifestaci\u00f3n contraria al tratamiento por su parte.<\/p>\n\n\n\n<p>En todo caso, pueden ejercerse los derechos de acceso, rectificaci\u00f3n, supresi\u00f3n, oposici\u00f3n, limitaci\u00f3n del tratamiento y portabilidad, cuando sea aplicable, mediante correo electr\u00f3nico a info@perits.org En caso de no obtener satisfacci\u00f3n en el ejercicio de sus derechos, podr\u00e1 presentar una reclamaci\u00f3n ante la Agencia Espa\u00f1ola de Protecci\u00f3n de Datos a trav\u00e9s de su sede electr\u00f3nica, en presentaci\u00f3n de una reclamaci\u00f3n.<\/p>\n\n\n\n<p><strong>9.<\/strong>&nbsp;<strong>FORMA PARTE DE NUESTRA ASOCIACI\u00d3N<\/strong><\/p>\n\n\n\n<p>En cumplimiento de lo establecido en la Ley Org\u00e1nica 03\/2018, de 05 de diciembre, de Protecci\u00f3n de Datos Personales, le comunicamos que con la aceptaci\u00f3n de la presente pol\u00edtica de privacidad, usted otorga su consentimiento expl\u00edcito para que los datos que nos facilite, as\u00ed como su CV, se incorporen y sean tratados DE PERITOS JUDICIALES Y FORENSAS con CIF G56293341 y domicilio en av. Diagonal 449, 4\u00ba de Barcelona, 08036, Barcelona para formar parte de la base de datos de Peritos, siendo cancelados despu\u00e9s del cumplimiento el per\u00edodo establecido legalmente.<\/p>\n\n\n\n<p>ASOCIACI\u00d3N CATALANA DE PERITOS JUDICIALES Y FORENSES se compromete a tratar sus datos de forma leal, transparente, adecuada, pertinente, limitada, exacta y actualizada. Usted autoriza a la publicaci\u00f3n de sus datos en la p\u00e1gina web de la asociaci\u00f3n para permitir su consulta por parte de los usuarios.<\/p>\n\n\n\n<p>La renuncia a autorizar este tratamiento conllevar\u00eda la imposibilidad de cumplir con las finalidades a las que este formulario se refiere.<\/p>\n\n\n\n<p>Asimismo, le informamos de la posibilidad que tiene de ejercitar los derechos de acceso, rectificaci\u00f3n, supresi\u00f3n, oposici\u00f3n, limitaci\u00f3n del tratamiento y portabilidad mediante escrito dirigido a av. Diagonal 449, 4\u00ba de Barcelona, 08036, Barcelona o bien en el correo electr\u00f3nico info@perits.org.<\/p>\n\n\n\n<p>Esta pol\u00edtica de privacidad puede ser actualizada o adaptada a los cambios que se produzcan en la normativa o en la misma p\u00e1gina web. Rogamos la lea detenidamente cada vez que nos facilite sus datos personales.<\/p>","protected":false},"excerpt":{"rendered":"<p>La visita a este sitio web no implica que el usuario est\u00e9 obligado a facilitar informaci\u00f3n personal alguna. Sin embargo, durante la visita, es posible que se solicite informaci\u00f3n personal a trav\u00e9s de formularios, la cual el usuario podr\u00e1 facilitar voluntariamente. Los datos que se solicitan en esta p\u00e1gina web son adecuados, pertinentes y estrictamente necesarios para poder [\u2026]<\/p>","protected":false},"author":1,"featured_media":0,"parent":0,"menu_order":5,"comment_status":"closed","ping_status":"open","template":"","meta":{"_acf_changed":false,"footnotes":""},"class_list":["post-3","page","type-page","status-publish","hentry"],"acf":[],"yoast_head":"<!-- This site is optimized with the Yoast SEO plugin v24.0 - https:\/\/yoast.com\/wordpress\/plugins\/seo\/ -->\n<title>Pol\u00edtica de privacitat - Perits.org<\/title>\n<meta name=\"robots\" content=\"index, follow, max-snippet:-1, max-image-preview:large, max-video-preview:-1\" \/>\n<link rel=\"canonical\" href=\"https:\/\/perits.org\/es\/politica-privacidad\/\" \/>\n<meta property=\"og:locale\" content=\"es_ES\" \/>\n<meta property=\"og:type\" content=\"article\" \/>\n<meta property=\"og:title\" content=\"Pol\u00edtica de privacitat - Perits.org\" \/>\n<meta property=\"og:description\" content=\"La visita a aquest lloc web no implica que l&#8217;usuari estigui obligat a facilitar cap informaci\u00f3 personal. Tanmateix, durant la visita, \u00e9s possible que es demani informaci\u00f3 personal a trav\u00e9s de formularis, la qual l&#8217;usuari podr\u00e0 facilitar volunt\u00e0riament. Les dades que se sol\u00b7liciten en aquesta p\u00e0gina web s\u00f3n adequades, pertinents i estrictament necess\u00e0ries per poder [&hellip;]\" \/>\n<meta property=\"og:url\" content=\"https:\/\/perits.org\/es\/politica-privacidad\/\" \/>\n<meta property=\"og:site_name\" content=\"Perits.org\" \/>\n<meta property=\"article:modified_time\" content=\"2024-12-07T20:49:46+00:00\" \/>\n<meta name=\"twitter:card\" content=\"summary_large_image\" \/>\n<meta name=\"twitter:label1\" content=\"Tiempo de lectura\" \/>\n\t<meta name=\"twitter:data1\" content=\"7 minutos\" \/>\n<script type=\"application\/ld+json\" class=\"yoast-schema-graph\">{\"@context\":\"https:\/\/schema.org\",\"@graph\":[{\"@type\":\"WebPage\",\"@id\":\"https:\/\/perits.org\/politica-privacidad\/\",\"url\":\"https:\/\/perits.org\/politica-privacidad\/\",\"name\":\"Pol\u00edtica de privacitat - Perits.org\",\"isPartOf\":{\"@id\":\"https:\/\/perits.org\/#website\"},\"datePublished\":\"2024-11-14T14:23:05+00:00\",\"dateModified\":\"2024-12-07T20:49:46+00:00\",\"breadcrumb\":{\"@id\":\"https:\/\/perits.org\/politica-privacidad\/#breadcrumb\"},\"inLanguage\":\"es\",\"potentialAction\":[{\"@type\":\"ReadAction\",\"target\":[\"https:\/\/perits.org\/politica-privacidad\/\"]}]},{\"@type\":\"BreadcrumbList\",\"@id\":\"https:\/\/perits.org\/politica-privacidad\/#breadcrumb\",\"itemListElement\":[{\"@type\":\"ListItem\",\"position\":1,\"name\":\"Inici\",\"item\":\"https:\/\/perits.org\/\"},{\"@type\":\"ListItem\",\"position\":2,\"name\":\"Pol\u00edtica de privacitat\"}]},{\"@type\":\"WebSite\",\"@id\":\"https:\/\/perits.org\/#website\",\"url\":\"https:\/\/perits.org\/\",\"name\":\"Perits.org\",\"description\":\"\",\"potentialAction\":[{\"@type\":\"SearchAction\",\"target\":{\"@type\":\"EntryPoint\",\"urlTemplate\":\"https:\/\/perits.org\/?s={search_term_string}\"},\"query-input\":{\"@type\":\"PropertyValueSpecification\",\"valueRequired\":true,\"valueName\":\"search_term_string\"}}],\"inLanguage\":\"es\"}]}<\/script>\n<!-- \/ Yoast SEO plugin. -->","yoast_head_json":{"title":"Pol\u00edtica de privacitat - Perits.org","robots":{"index":"index","follow":"follow","max-snippet":"max-snippet:-1","max-image-preview":"max-image-preview:large","max-video-preview":"max-video-preview:-1"},"canonical":"https:\/\/perits.org\/es\/politica-privacidad\/","og_locale":"es_ES","og_type":"article","og_title":"Pol\u00edtica de privacitat - Perits.org","og_description":"La visita a aquest lloc web no implica que l&#8217;usuari estigui obligat a facilitar cap informaci\u00f3 personal. Tanmateix, durant la visita, \u00e9s possible que es demani informaci\u00f3 personal a trav\u00e9s de formularis, la qual l&#8217;usuari podr\u00e0 facilitar volunt\u00e0riament. Les dades que se sol\u00b7liciten en aquesta p\u00e0gina web s\u00f3n adequades, pertinents i estrictament necess\u00e0ries per poder [&hellip;]","og_url":"https:\/\/perits.org\/es\/politica-privacidad\/","og_site_name":"Perits.org","article_modified_time":"2024-12-07T20:49:46+00:00","twitter_card":"summary_large_image","twitter_misc":{"Tiempo de lectura":"7 minutos"},"schema":{"@context":"https:\/\/schema.org","@graph":[{"@type":"WebPage","@id":"https:\/\/perits.org\/politica-privacidad\/","url":"https:\/\/perits.org\/politica-privacidad\/","name":"Pol\u00edtica de privacitat - Perits.org","isPartOf":{"@id":"https:\/\/perits.org\/#website"},"datePublished":"2024-11-14T14:23:05+00:00","dateModified":"2024-12-07T20:49:46+00:00","breadcrumb":{"@id":"https:\/\/perits.org\/politica-privacidad\/#breadcrumb"},"inLanguage":"es","potentialAction":[{"@type":"ReadAction","target":["https:\/\/perits.org\/politica-privacidad\/"]}]},{"@type":"BreadcrumbList","@id":"https:\/\/perits.org\/politica-privacidad\/#breadcrumb","itemListElement":[{"@type":"ListItem","position":1,"name":"Inici","item":"https:\/\/perits.org\/"},{"@type":"ListItem","position":2,"name":"Pol\u00edtica de privacitat"}]},{"@type":"WebSite","@id":"https:\/\/perits.org\/#website","url":"https:\/\/perits.org\/","name":"Perits.org","description":"","potentialAction":[{"@type":"SearchAction","target":{"@type":"EntryPoint","urlTemplate":"https:\/\/perits.org\/?s={search_term_string}"},"query-input":{"@type":"PropertyValueSpecification","valueRequired":true,"valueName":"search_term_string"}}],"inLanguage":"es"}]}},"_links":{"self":[{"href":"https:\/\/perits.org\/es\/wp-json\/wp\/v2\/pages\/3","targetHints":{"allow":["GET"]}}],"collection":[{"href":"https:\/\/perits.org\/es\/wp-json\/wp\/v2\/pages"}],"about":[{"href":"https:\/\/perits.org\/es\/wp-json\/wp\/v2\/types\/page"}],"author":[{"embeddable":true,"href":"https:\/\/perits.org\/es\/wp-json\/wp\/v2\/users\/1"}],"replies":[{"embeddable":true,"href":"https:\/\/perits.org\/es\/wp-json\/wp\/v2\/comments?post=3"}],"version-history":[{"count":3,"href":"https:\/\/perits.org\/es\/wp-json\/wp\/v2\/pages\/3\/revisions"}],"predecessor-version":[{"id":511,"href":"https:\/\/perits.org\/es\/wp-json\/wp\/v2\/pages\/3\/revisions\/511"}],"wp:attachment":[{"href":"https:\/\/perits.org\/es\/wp-json\/wp\/v2\/media?parent=3"}],"curies":[{"name":"wp","href":"https:\/\/api.w.org\/{rel}","templated":true}]}}