{"id":26,"date":"2024-11-26T20:40:15","date_gmt":"2024-11-26T19:40:15","guid":{"rendered":"https:\/\/perits.org\/lassociacio\/codi-deontologic\/"},"modified":"2024-12-07T19:58:12","modified_gmt":"2024-12-07T18:58:12","slug":"codi-deontologic","status":"publish","type":"page","link":"https:\/\/perits.org\/es\/lassociacio\/codi-deontologic\/","title":{"rendered":"C\u00f3digo deontol\u00f3gico"},"content":{"rendered":"<h2 class=\"wp-block-heading\">Principios Generales:<\/h2>\n\n\n\n<p>En su ejercicio profesional, los peritos de la Asociaci\u00f3n Catalana de Peritos Judiciales y Forenses colaboradores de la Administraci\u00f3n de Justicia actuar\u00e1n bajo los siguientes principios deontol\u00f3gicos:<\/p>\n\n\n\n<h3 class=\"wp-block-heading\">1 &#8211; <strong>Independencia y libertad<\/strong><\/h3>\n\n\n\n<p>Los asociados desarrollar\u00e1n su labor con libertad y autonom\u00eda, sin admitir influencias ajenas.<\/p>\n\n\n\n<h3 class=\"wp-block-heading\">2 \u2013 Lealtad e integridad<\/h3>\n\n\n\n<p>Los asociados desarrollar\u00e1n su actividad con rectitud, diligencia, honestidad, respeto a la legalidad, y tendr\u00e1n lealtad con las partes implicadas y los Tribunales de Justicia, y tendr\u00e1n en cuenta el marco de incompatibilidades legalmente establecido.<\/p>\n\n\n\n<h3 class=\"wp-block-heading\"><strong>3 \u2013 Dignidad<\/strong><\/h3>\n\n\n\n<p>Los asociados actuar\u00e1n con honor, teniendo respeto por su profesi\u00f3n, por su mandante, por los Tribunales y sus compa\u00f1eros.<\/p>\n\n\n\n<h3 class=\"wp-block-heading\">4 \u2013 Profesionalidad, objetividad, imparcialidad y veracidad<\/h3>\n\n\n\n<p>Los asociados actuar\u00e1n siempre en la b\u00fasqueda de la verdad y en base a sus conocimientos espec\u00edficos.<\/p>\n\n\n\n<h3 class=\"wp-block-heading\"><strong>5 \u2013 Capacidad y formaci\u00f3n<\/strong><\/h3>\n\n\n\n<ul class=\"wp-block-list\">\n<li>Los asociados llevar\u00e1n a cabo aquellas tareas para las que tengan la capacidad y formaci\u00f3n adecuada.<\/li>\n\n\n\n<li>El perito inscrito en la Asociaci\u00f3n deber\u00e1 mantener un nivel adecuado de conocimiento t\u00e9cnico y cient\u00edfico, as\u00ed como una experiencia pr\u00e1ctica en su campo profesional y en el \u00e1mbito procesal, que deber\u00e1n actualizarse permanentemente.<\/li>\n\n\n\n<li>La Asociaci\u00f3n promover\u00e1 la realizaci\u00f3n de cursos de formaci\u00f3n continua para sus asociados.<\/li>\n<\/ul>\n\n\n\n<h3 class=\"wp-block-heading\">6 \u2013 Secreto profesional y confidencialidad<\/h3>\n\n\n\n<ul class=\"wp-block-list\">\n<li>El asociado mantendr\u00e1 el secreto profesional de la informaci\u00f3n obtenida en el ejercicio de su profesi\u00f3n.<\/li>\n\n\n\n<li>El secreto profesional comprende la confidencialidad respecto a la informaci\u00f3n a la que, con motivo de su actuaci\u00f3n, el perito haya tenido acceso.<\/li>\n<\/ul>\n\n\n\n<h2 class=\"wp-block-heading\">Principios referentes a cuestiones espec\u00edficas:<\/h2>\n\n\n\n<h3 class=\"wp-block-heading\">7 \u2013 En cuanto a la aceptaci\u00f3n de cargos en designaciones judiciales:<\/h3>\n\n\n\n<ul class=\"wp-block-list\">\n<li>Es recomendable que los asociados lleven a cabo todas las solicitudes de aceptaci\u00f3n de cargos en aquellos partidos judiciales en los que el perito est\u00e9 dado de alta e inscrito.<\/li>\n\n\n\n<li>Sin embargo, el perito deber\u00e1 justificar adecuadamente la causa de no aceptaci\u00f3n ante el Tribunal, de acuerdo con lo dispuesto en el art\u00edculo 342 de la Ley de Enjuiciamiento Civil (LEC).<\/li>\n\n\n\n<li>En todo caso, deber\u00e1 rechazarse una misi\u00f3n como perito si se considera que no es propia de su especialidad o de sus conocimientos espec\u00edficos.<\/li>\n\n\n\n<li>El perito miembro de la Asociaci\u00f3n designado por el Tribunal, una vez aceptado el cargo, deber\u00e1 cumplir de forma \u00edntegra la misi\u00f3n que le ha sido encomendada, asistiendo a todas las comparecencias a las que pueda ser llamado.<\/li>\n<\/ul>\n\n\n\n<h3 class=\"wp-block-heading\">8 \u2013 En cuanto a los honorarios y su fijaci\u00f3n:<\/h3>\n\n\n\n<ul class=\"wp-block-list\">\n<li>El perito tiene derecho a percibir unos honorarios justos en contraprestaci\u00f3n a sus servicios y en el momento de entregar su peritaje, as\u00ed como a reintegrarse de los gastos generados a causa de su actuaci\u00f3n profesional.<\/li>\n\n\n\n<li><strong>Para encargos privados:<\/strong>\n<ul class=\"wp-block-list\">\n<li>El perito y el solicitante de sus servicios pactar\u00e1n libremente los honorarios.<\/li>\n\n\n\n<li>El perito podr\u00e1 formalizar por escrito el pacto sobre los honorarios.<\/li>\n\n\n\n<li>La Asociaci\u00f3n fomentar\u00e1 la formalizaci\u00f3n por escrito de estos pactos.<\/li>\n\n\n\n<li>Es recomendable que el perito entregue al solicitante de sus servicios un presupuesto por escrito con car\u00e1cter previo a la elaboraci\u00f3n del peritaje.<\/li>\n\n\n\n<li>Una vez cumplido el encargo recibido, el perito emitir\u00e1 la correspondiente liquidaci\u00f3n final de honorarios.<\/li>\n\n\n\n<li>Antes de realizar su actuaci\u00f3n profesional o durante \u00e9sta, el perito podr\u00e1 solicitar uno o m\u00e1s anticipos, considerados como cantidades a cuenta de los honorarios finales, as\u00ed como los gastos necesarios para llevar a cabo esta actuaci\u00f3n.<\/li>\n<\/ul>\n<\/li>\n\n\n\n<li><strong>Para la cuantificaci\u00f3n de los honorarios:<\/strong><br>El perito deber\u00e1 tener en cuenta criterios como:<br>a) El tiempo empleado.<br>b) La dificultad y\/o complejidad del encargo.<br>c) La intensidad de la dedicaci\u00f3n.<br>d) La urgencia y la especializaci\u00f3n exigidas.<br>e) La utilizaci\u00f3n de material espec\u00edfico.<\/li>\n<\/ul>","protected":false},"excerpt":{"rendered":"<p>Principis Generals: En el seu exercici professional, els p\u00e8rits de l&#8217;Associaci\u00f3 Catalana de P\u00e8rits Judicials i Forenses col\u00b7laboradors de l&#8217;Administraci\u00f3 de Just\u00edcia actuaran sota els seg\u00fcents principis deontol\u00f2gics: 1 &#8211; Independ\u00e8ncia i llibertat Els associats desenvoluparan la seva tasca amb llibertat i autonomia, sense admetre influ\u00e8ncies alienes. 2 &#8211; Lleialtat i integritat Els associats desenvoluparan [&hellip;]<\/p>","protected":false},"author":1,"featured_media":63,"parent":7,"menu_order":4,"comment_status":"closed","ping_status":"closed","template":"","meta":{"_acf_changed":false,"footnotes":""},"class_list":["post-26","page","type-page","status-publish","has-post-thumbnail","hentry"],"acf":[],"yoast_head":"<!-- This site is optimized with the Yoast SEO plugin v24.0 - https:\/\/yoast.com\/wordpress\/plugins\/seo\/ -->\n<title>Codi deontol\u00f2gic - Perits.org<\/title>\n<meta name=\"robots\" content=\"index, follow, max-snippet:-1, max-image-preview:large, max-video-preview:-1\" \/>\n<link rel=\"canonical\" href=\"https:\/\/perits.org\/es\/lassociacio\/codi-deontologic\/\" \/>\n<meta property=\"og:locale\" content=\"es_ES\" \/>\n<meta property=\"og:type\" content=\"article\" \/>\n<meta property=\"og:title\" content=\"Codi deontol\u00f2gic - Perits.org\" \/>\n<meta property=\"og:description\" content=\"Principis Generals: En el seu exercici professional, els p\u00e8rits de l&#8217;Associaci\u00f3 Catalana de P\u00e8rits Judicials i Forenses col\u00b7laboradors de l&#8217;Administraci\u00f3 de Just\u00edcia actuaran sota els seg\u00fcents principis deontol\u00f2gics: 1 &#8211; Independ\u00e8ncia i llibertat Els associats desenvoluparan la seva tasca amb llibertat i autonomia, sense admetre influ\u00e8ncies alienes. 2 &#8211; Lleialtat i integritat Els associats desenvoluparan [&hellip;]\" \/>\n<meta property=\"og:url\" content=\"https:\/\/perits.org\/es\/lassociacio\/codi-deontologic\/\" \/>\n<meta property=\"og:site_name\" content=\"Perits.org\" \/>\n<meta property=\"article:modified_time\" content=\"2024-12-07T18:58:12+00:00\" \/>\n<meta property=\"og:image\" content=\"https:\/\/perits.org\/wp-content\/uploads\/2024\/11\/perits-02.jpg\" \/>\n\t<meta property=\"og:image:width\" content=\"626\" \/>\n\t<meta property=\"og:image:height\" content=\"417\" \/>\n\t<meta property=\"og:image:type\" content=\"image\/jpeg\" \/>\n<meta name=\"twitter:card\" content=\"summary_large_image\" \/>\n<meta name=\"twitter:label1\" content=\"Tiempo de lectura\" \/>\n\t<meta name=\"twitter:data1\" content=\"4 minutos\" \/>\n<script type=\"application\/ld+json\" class=\"yoast-schema-graph\">{\"@context\":\"https:\/\/schema.org\",\"@graph\":[{\"@type\":\"WebPage\",\"@id\":\"https:\/\/perits.org\/lassociacio\/codi-deontologic\/\",\"url\":\"https:\/\/perits.org\/lassociacio\/codi-deontologic\/\",\"name\":\"Codi deontol\u00f2gic - Perits.org\",\"isPartOf\":{\"@id\":\"https:\/\/perits.org\/#website\"},\"primaryImageOfPage\":{\"@id\":\"https:\/\/perits.org\/lassociacio\/codi-deontologic\/#primaryimage\"},\"image\":{\"@id\":\"https:\/\/perits.org\/lassociacio\/codi-deontologic\/#primaryimage\"},\"thumbnailUrl\":\"https:\/\/perits.org\/wp-content\/uploads\/2024\/11\/perits-02.jpg\",\"datePublished\":\"2024-11-26T19:40:15+00:00\",\"dateModified\":\"2024-12-07T18:58:12+00:00\",\"breadcrumb\":{\"@id\":\"https:\/\/perits.org\/lassociacio\/codi-deontologic\/#breadcrumb\"},\"inLanguage\":\"es\",\"potentialAction\":[{\"@type\":\"ReadAction\",\"target\":[\"https:\/\/perits.org\/lassociacio\/codi-deontologic\/\"]}]},{\"@type\":\"ImageObject\",\"inLanguage\":\"es\",\"@id\":\"https:\/\/perits.org\/lassociacio\/codi-deontologic\/#primaryimage\",\"url\":\"https:\/\/perits.org\/wp-content\/uploads\/2024\/11\/perits-02.jpg\",\"contentUrl\":\"https:\/\/perits.org\/wp-content\/uploads\/2024\/11\/perits-02.jpg\",\"width\":626,\"height\":417},{\"@type\":\"BreadcrumbList\",\"@id\":\"https:\/\/perits.org\/lassociacio\/codi-deontologic\/#breadcrumb\",\"itemListElement\":[{\"@type\":\"ListItem\",\"position\":1,\"name\":\"Inici\",\"item\":\"https:\/\/perits.org\/\"},{\"@type\":\"ListItem\",\"position\":2,\"name\":\"L&#8217;associaci\u00f3\",\"item\":\"https:\/\/perits.org\/lassociacio\/\"},{\"@type\":\"ListItem\",\"position\":3,\"name\":\"Codi deontol\u00f2gic\"}]},{\"@type\":\"WebSite\",\"@id\":\"https:\/\/perits.org\/#website\",\"url\":\"https:\/\/perits.org\/\",\"name\":\"Perits.org\",\"description\":\"\",\"potentialAction\":[{\"@type\":\"SearchAction\",\"target\":{\"@type\":\"EntryPoint\",\"urlTemplate\":\"https:\/\/perits.org\/?s={search_term_string}\"},\"query-input\":{\"@type\":\"PropertyValueSpecification\",\"valueRequired\":true,\"valueName\":\"search_term_string\"}}],\"inLanguage\":\"es\"}]}<\/script>\n<!-- \/ Yoast SEO plugin. -->","yoast_head_json":{"title":"Codi deontol\u00f2gic - Perits.org","robots":{"index":"index","follow":"follow","max-snippet":"max-snippet:-1","max-image-preview":"max-image-preview:large","max-video-preview":"max-video-preview:-1"},"canonical":"https:\/\/perits.org\/es\/lassociacio\/codi-deontologic\/","og_locale":"es_ES","og_type":"article","og_title":"Codi deontol\u00f2gic - Perits.org","og_description":"Principis Generals: En el seu exercici professional, els p\u00e8rits de l&#8217;Associaci\u00f3 Catalana de P\u00e8rits Judicials i Forenses col\u00b7laboradors de l&#8217;Administraci\u00f3 de Just\u00edcia actuaran sota els seg\u00fcents principis deontol\u00f2gics: 1 &#8211; Independ\u00e8ncia i llibertat Els associats desenvoluparan la seva tasca amb llibertat i autonomia, sense admetre influ\u00e8ncies alienes. 2 &#8211; Lleialtat i integritat Els associats desenvoluparan [&hellip;]","og_url":"https:\/\/perits.org\/es\/lassociacio\/codi-deontologic\/","og_site_name":"Perits.org","article_modified_time":"2024-12-07T18:58:12+00:00","og_image":[{"width":626,"height":417,"url":"https:\/\/perits.org\/wp-content\/uploads\/2024\/11\/perits-02.jpg","type":"image\/jpeg"}],"twitter_card":"summary_large_image","twitter_misc":{"Tiempo de lectura":"4 minutos"},"schema":{"@context":"https:\/\/schema.org","@graph":[{"@type":"WebPage","@id":"https:\/\/perits.org\/lassociacio\/codi-deontologic\/","url":"https:\/\/perits.org\/lassociacio\/codi-deontologic\/","name":"Codi deontol\u00f2gic - Perits.org","isPartOf":{"@id":"https:\/\/perits.org\/#website"},"primaryImageOfPage":{"@id":"https:\/\/perits.org\/lassociacio\/codi-deontologic\/#primaryimage"},"image":{"@id":"https:\/\/perits.org\/lassociacio\/codi-deontologic\/#primaryimage"},"thumbnailUrl":"https:\/\/perits.org\/wp-content\/uploads\/2024\/11\/perits-02.jpg","datePublished":"2024-11-26T19:40:15+00:00","dateModified":"2024-12-07T18:58:12+00:00","breadcrumb":{"@id":"https:\/\/perits.org\/lassociacio\/codi-deontologic\/#breadcrumb"},"inLanguage":"es","potentialAction":[{"@type":"ReadAction","target":["https:\/\/perits.org\/lassociacio\/codi-deontologic\/"]}]},{"@type":"ImageObject","inLanguage":"es","@id":"https:\/\/perits.org\/lassociacio\/codi-deontologic\/#primaryimage","url":"https:\/\/perits.org\/wp-content\/uploads\/2024\/11\/perits-02.jpg","contentUrl":"https:\/\/perits.org\/wp-content\/uploads\/2024\/11\/perits-02.jpg","width":626,"height":417},{"@type":"BreadcrumbList","@id":"https:\/\/perits.org\/lassociacio\/codi-deontologic\/#breadcrumb","itemListElement":[{"@type":"ListItem","position":1,"name":"Inici","item":"https:\/\/perits.org\/"},{"@type":"ListItem","position":2,"name":"L&#8217;associaci\u00f3","item":"https:\/\/perits.org\/lassociacio\/"},{"@type":"ListItem","position":3,"name":"Codi deontol\u00f2gic"}]},{"@type":"WebSite","@id":"https:\/\/perits.org\/#website","url":"https:\/\/perits.org\/","name":"Perits.org","description":"","potentialAction":[{"@type":"SearchAction","target":{"@type":"EntryPoint","urlTemplate":"https:\/\/perits.org\/?s={search_term_string}"},"query-input":{"@type":"PropertyValueSpecification","valueRequired":true,"valueName":"search_term_string"}}],"inLanguage":"es"}]}},"_links":{"self":[{"href":"https:\/\/perits.org\/es\/wp-json\/wp\/v2\/pages\/26","targetHints":{"allow":["GET"]}}],"collection":[{"href":"https:\/\/perits.org\/es\/wp-json\/wp\/v2\/pages"}],"about":[{"href":"https:\/\/perits.org\/es\/wp-json\/wp\/v2\/types\/page"}],"author":[{"embeddable":true,"href":"https:\/\/perits.org\/es\/wp-json\/wp\/v2\/users\/1"}],"replies":[{"embeddable":true,"href":"https:\/\/perits.org\/es\/wp-json\/wp\/v2\/comments?post=26"}],"version-history":[{"count":3,"href":"https:\/\/perits.org\/es\/wp-json\/wp\/v2\/pages\/26\/revisions"}],"predecessor-version":[{"id":481,"href":"https:\/\/perits.org\/es\/wp-json\/wp\/v2\/pages\/26\/revisions\/481"}],"up":[{"embeddable":true,"href":"https:\/\/perits.org\/es\/wp-json\/wp\/v2\/pages\/7"}],"wp:featuredmedia":[{"embeddable":true,"href":"https:\/\/perits.org\/es\/wp-json\/wp\/v2\/media\/63"}],"wp:attachment":[{"href":"https:\/\/perits.org\/es\/wp-json\/wp\/v2\/media?parent=26"}],"curies":[{"name":"wp","href":"https:\/\/api.w.org\/{rel}","templated":true}]}}