{"id":21,"date":"2024-11-26T20:37:32","date_gmt":"2024-11-26T19:37:32","guid":{"rendered":"https:\/\/perits.org\/?page_id=21"},"modified":"2025-07-22T11:28:41","modified_gmt":"2025-07-22T09:28:41","slug":"qui-som","status":"publish","type":"page","link":"https:\/\/perits.org\/es\/lassociacio\/qui-som\/","title":{"rendered":"Qui\u00e9nes somos"},"content":{"rendered":"<p>LA ASOCIACI\u00d3N CATALANA DE PERITOS JUDICIALES Y FORENSAS COLABORADORES DE LA ADMINISTRACI\u00d3N DE JUSTICIA se cre\u00f3 en 1986 con la firme voluntad de ser una entidad pluridisciplinar, reuniendo bajo un mismo techo peritos de todas las especialidades periciales solicitadas por la Administraci\u00f3n de Justicia.<\/p>\n\n\n\n<p>La ASOCIACI\u00d3N ha ido creciendo hasta convertirse en la entidad del sector pericial m\u00e1s prestigiosa y reconocida en Catalu\u00f1a, con el mayor n\u00famero de expertos que trabajan para los Juzgados de nuestro pa\u00eds. las normas que regulan los distintos procedimientos judiciales.<\/p>\n\n\n\n<p>LA ASOCIACI\u00d3N CATALANA DE PERITOS JUDICIALES ofrece a los Magistrados, Abogados, Procuradores ya la sociedad en general expertos formados y especializados. Trabajamos para defender los intereses de los asociados y del colectivo de peritos. <\/p>\n\n\n\n<p>La ASOCIACI\u00d3N CATALANA DE PERITOS JUDICIALES puede designar a todos los peritos asociados como Expertos independientes en procedimientos de m\u00e9todos alternativos de soluci\u00f3n de controversias (MASC) de acuerdo con las cl\u00e1usulas de la ley org\u00e1nica 1\/2025. <\/p>\n\n\n\n<h2 class=\"wp-block-heading\">Qu\u00e9 hacemos<\/h2>\n\n\n\n<p>La ASOCIACI\u00d3N env\u00eda cada a\u00f1o el listado actualizado de socios a todos los juzgados de Catalu\u00f1a y est\u00e1 a disposici\u00f3n de los profesionales del derecho.<br>Organiza cursos de formaci\u00f3n continua, Jornadas, conferencias y congresos.<br>Colabora con distintos colectivos de profesionales comprometidos con el servicio p\u00fablico de Justicia.<br>Mantiene una estrecha relaci\u00f3n con el Ilustre Colegio de Abogados de Barcelona, organizando conjuntamente cursos y Jornadas formativas.<br>Participa en las mesas de trabajo organizadas por el FORO DE LA JUSTICIA del Consejo General de la Abogac\u00eda.<br>Ostenta una vocal\u00eda en el Observatorio Catal\u00e1n de la Justicia.<br>Es miembro fundador del CONSEJO GENERAL DE PERITOS, con sede en Madrid, entidad que agrupa a las diferentes asociaciones multidisciplinarias espa\u00f1olas de peritos.<br>Es miembro del INSTITUTO EUROPEO DEL EXPERTISE Y DEL EXPERTO, organizaci\u00f3n formada por las diferentes asociaciones de peritos y colectivos de los operadores jur\u00eddicos dentro del marco territorial europeo.<br>Participa en el equipo acad\u00e9mico del Instituto de Prob\u00e1tica y Derecho Probatorio de la Facultad de Derecho de ESADE.<br>Participa en las tareas de normalizaci\u00f3n de las \u00e1reas en las que intervienen los peritos, a trav\u00e9s de las propuestas que realiza la ASOCIACI\u00d3N ESPA\u00d1OLA DE NORMALIZACI\u00d3N (AENOR), tanto a nivel espa\u00f1ol como europeo (CEN).<br>Convoca anualmente el PREMIO DE TRABAJOS DE INVESTIGACI\u00d3N, dirigido a peritos, abogados, licenciados en Derecho, profesores y estudiantes universitarios.<\/p>\n\n\n\n<p>Las finalidades de nuestra ASOCIACI\u00d3N, adem\u00e1s de tener la clara voluntad de defender y representar los intereses del colectivo de peritos, son, entre otros, los siguientes:<\/p>\n\n\n\n<ol class=\"wp-block-list\">\n<li>Valorar la calidad del acto pericial y profesionalizarlo.<\/li>\n\n\n\n<li>Formar de forma continua a nuestros asociados y mantenerlos informados de las \u00faltimas novedades sobre la profesi\u00f3n de perito.<\/li>\n\n\n\n<li>Promover los intereses de los peritos judiciales y fomentar la estrecha colaboraci\u00f3n entre ellos.<\/li>\n\n\n\n<li>Realizar proyectos y proponer las modificaciones legislativas que la ASOCIACI\u00d3N CATALANA considere oportunas, para conseguir una mejor eficacia en el trabajo del perito y revertir en la calidad del servicio p\u00fablico de Just\u00edcia.<\/li>\n\n\n\n<li>Realizar trabajos cient\u00edficos y de cooperaci\u00f3n que le sean encomendados.<\/li>\n\n\n\n<li>Colaborar en todo lo posible para la mejora de la Administraci\u00f3n de Justicia.<\/li>\n\n\n\n<li>Mantener una estrecha colaboraci\u00f3n con los estamentos p\u00fablicos con competencias en Justicia, en todos aquellos aspectos relacionados con la pr\u00e1ctica de la pericia judicial, y responsabilizarse de las funciones que le puedan ser encomendadas.<\/li>\n<\/ol>","protected":false},"excerpt":{"rendered":"<p>L&#8217;ASSOCIACI\u00d3 CATALANA DE PERITS JUDICIALS I FORENSES COL\u00b7LABORADORS DE L&#8217;ADMINISTRACI\u00d3 DE JUST\u00cdCIA es va crear l&#8217;any 1986 amb la ferma voluntat de ser una entitat pluridisciplin\u00e0ria, reunint sota un mateix sostre perits de totes les especialitats pericials sol\u00b7licitades per l&#8217;Administraci\u00f3 de Just\u00edcia a Catalunya. L&#8217;ASSOCIACI\u00d3 ha anat creixent fins a convertir-se en l&#8217;entitat del sector [&hellip;]<\/p>","protected":false},"author":1,"featured_media":60,"parent":7,"menu_order":1,"comment_status":"closed","ping_status":"closed","template":"","meta":{"_acf_changed":false,"footnotes":""},"class_list":["post-21","page","type-page","status-publish","has-post-thumbnail","hentry"],"acf":[],"yoast_head":"<!-- This site is optimized with the Yoast SEO plugin v24.0 - https:\/\/yoast.com\/wordpress\/plugins\/seo\/ -->\n<title>Qui som - Perits.org<\/title>\n<meta name=\"robots\" content=\"index, follow, max-snippet:-1, max-image-preview:large, max-video-preview:-1\" \/>\n<link rel=\"canonical\" href=\"https:\/\/perits.org\/es\/lassociacio\/qui-som\/\" \/>\n<meta property=\"og:locale\" content=\"es_ES\" \/>\n<meta property=\"og:type\" content=\"article\" \/>\n<meta property=\"og:title\" content=\"Qui som - Perits.org\" \/>\n<meta property=\"og:description\" content=\"L&#8217;ASSOCIACI\u00d3 CATALANA DE PERITS JUDICIALS I FORENSES COL\u00b7LABORADORS DE L&#8217;ADMINISTRACI\u00d3 DE JUST\u00cdCIA es va crear l&#8217;any 1986 amb la ferma voluntat de ser una entitat pluridisciplin\u00e0ria, reunint sota un mateix sostre perits de totes les especialitats pericials sol\u00b7licitades per l&#8217;Administraci\u00f3 de Just\u00edcia a Catalunya. L&#8217;ASSOCIACI\u00d3 ha anat creixent fins a convertir-se en l&#8217;entitat del sector [&hellip;]\" \/>\n<meta property=\"og:url\" content=\"https:\/\/perits.org\/es\/lassociacio\/qui-som\/\" \/>\n<meta property=\"og:site_name\" content=\"Perits.org\" \/>\n<meta property=\"article:modified_time\" content=\"2025-07-22T09:28:41+00:00\" \/>\n<meta property=\"og:image\" content=\"https:\/\/perits.org\/wp-content\/uploads\/2024\/11\/perit.webp\" \/>\n\t<meta property=\"og:image:width\" content=\"1024\" \/>\n\t<meta property=\"og:image:height\" content=\"1024\" \/>\n\t<meta property=\"og:image:type\" content=\"image\/webp\" \/>\n<meta name=\"twitter:card\" content=\"summary_large_image\" \/>\n<meta name=\"twitter:label1\" content=\"Tiempo de lectura\" \/>\n\t<meta name=\"twitter:data1\" content=\"4 minutos\" \/>\n<script type=\"application\/ld+json\" class=\"yoast-schema-graph\">{\"@context\":\"https:\/\/schema.org\",\"@graph\":[{\"@type\":\"WebPage\",\"@id\":\"https:\/\/perits.org\/lassociacio\/qui-som\/\",\"url\":\"https:\/\/perits.org\/lassociacio\/qui-som\/\",\"name\":\"Qui som - Perits.org\",\"isPartOf\":{\"@id\":\"https:\/\/perits.org\/#website\"},\"primaryImageOfPage\":{\"@id\":\"https:\/\/perits.org\/lassociacio\/qui-som\/#primaryimage\"},\"image\":{\"@id\":\"https:\/\/perits.org\/lassociacio\/qui-som\/#primaryimage\"},\"thumbnailUrl\":\"https:\/\/perits.org\/wp-content\/uploads\/2024\/11\/perit.webp\",\"datePublished\":\"2024-11-26T19:37:32+00:00\",\"dateModified\":\"2025-07-22T09:28:41+00:00\",\"breadcrumb\":{\"@id\":\"https:\/\/perits.org\/lassociacio\/qui-som\/#breadcrumb\"},\"inLanguage\":\"es\",\"potentialAction\":[{\"@type\":\"ReadAction\",\"target\":[\"https:\/\/perits.org\/lassociacio\/qui-som\/\"]}]},{\"@type\":\"ImageObject\",\"inLanguage\":\"es\",\"@id\":\"https:\/\/perits.org\/lassociacio\/qui-som\/#primaryimage\",\"url\":\"https:\/\/perits.org\/wp-content\/uploads\/2024\/11\/perit.webp\",\"contentUrl\":\"https:\/\/perits.org\/wp-content\/uploads\/2024\/11\/perit.webp\",\"width\":1024,\"height\":1024},{\"@type\":\"BreadcrumbList\",\"@id\":\"https:\/\/perits.org\/lassociacio\/qui-som\/#breadcrumb\",\"itemListElement\":[{\"@type\":\"ListItem\",\"position\":1,\"name\":\"Inici\",\"item\":\"https:\/\/perits.org\/\"},{\"@type\":\"ListItem\",\"position\":2,\"name\":\"L&#8217;associaci\u00f3\",\"item\":\"https:\/\/perits.org\/lassociacio\/\"},{\"@type\":\"ListItem\",\"position\":3,\"name\":\"Qui som\"}]},{\"@type\":\"WebSite\",\"@id\":\"https:\/\/perits.org\/#website\",\"url\":\"https:\/\/perits.org\/\",\"name\":\"Perits.org\",\"description\":\"\",\"potentialAction\":[{\"@type\":\"SearchAction\",\"target\":{\"@type\":\"EntryPoint\",\"urlTemplate\":\"https:\/\/perits.org\/?s={search_term_string}\"},\"query-input\":{\"@type\":\"PropertyValueSpecification\",\"valueRequired\":true,\"valueName\":\"search_term_string\"}}],\"inLanguage\":\"es\"}]}<\/script>\n<!-- \/ Yoast SEO plugin. -->","yoast_head_json":{"title":"Qui som - Perits.org","robots":{"index":"index","follow":"follow","max-snippet":"max-snippet:-1","max-image-preview":"max-image-preview:large","max-video-preview":"max-video-preview:-1"},"canonical":"https:\/\/perits.org\/es\/lassociacio\/qui-som\/","og_locale":"es_ES","og_type":"article","og_title":"Qui som - Perits.org","og_description":"L&#8217;ASSOCIACI\u00d3 CATALANA DE PERITS JUDICIALS I FORENSES COL\u00b7LABORADORS DE L&#8217;ADMINISTRACI\u00d3 DE JUST\u00cdCIA es va crear l&#8217;any 1986 amb la ferma voluntat de ser una entitat pluridisciplin\u00e0ria, reunint sota un mateix sostre perits de totes les especialitats pericials sol\u00b7licitades per l&#8217;Administraci\u00f3 de Just\u00edcia a Catalunya. L&#8217;ASSOCIACI\u00d3 ha anat creixent fins a convertir-se en l&#8217;entitat del sector [&hellip;]","og_url":"https:\/\/perits.org\/es\/lassociacio\/qui-som\/","og_site_name":"Perits.org","article_modified_time":"2025-07-22T09:28:41+00:00","og_image":[{"width":1024,"height":1024,"url":"https:\/\/perits.org\/wp-content\/uploads\/2024\/11\/perit.webp","type":"image\/webp"}],"twitter_card":"summary_large_image","twitter_misc":{"Tiempo de lectura":"4 minutos"},"schema":{"@context":"https:\/\/schema.org","@graph":[{"@type":"WebPage","@id":"https:\/\/perits.org\/lassociacio\/qui-som\/","url":"https:\/\/perits.org\/lassociacio\/qui-som\/","name":"Qui som - Perits.org","isPartOf":{"@id":"https:\/\/perits.org\/#website"},"primaryImageOfPage":{"@id":"https:\/\/perits.org\/lassociacio\/qui-som\/#primaryimage"},"image":{"@id":"https:\/\/perits.org\/lassociacio\/qui-som\/#primaryimage"},"thumbnailUrl":"https:\/\/perits.org\/wp-content\/uploads\/2024\/11\/perit.webp","datePublished":"2024-11-26T19:37:32+00:00","dateModified":"2025-07-22T09:28:41+00:00","breadcrumb":{"@id":"https:\/\/perits.org\/lassociacio\/qui-som\/#breadcrumb"},"inLanguage":"es","potentialAction":[{"@type":"ReadAction","target":["https:\/\/perits.org\/lassociacio\/qui-som\/"]}]},{"@type":"ImageObject","inLanguage":"es","@id":"https:\/\/perits.org\/lassociacio\/qui-som\/#primaryimage","url":"https:\/\/perits.org\/wp-content\/uploads\/2024\/11\/perit.webp","contentUrl":"https:\/\/perits.org\/wp-content\/uploads\/2024\/11\/perit.webp","width":1024,"height":1024},{"@type":"BreadcrumbList","@id":"https:\/\/perits.org\/lassociacio\/qui-som\/#breadcrumb","itemListElement":[{"@type":"ListItem","position":1,"name":"Inici","item":"https:\/\/perits.org\/"},{"@type":"ListItem","position":2,"name":"L&#8217;associaci\u00f3","item":"https:\/\/perits.org\/lassociacio\/"},{"@type":"ListItem","position":3,"name":"Qui som"}]},{"@type":"WebSite","@id":"https:\/\/perits.org\/#website","url":"https:\/\/perits.org\/","name":"Perits.org","description":"","potentialAction":[{"@type":"SearchAction","target":{"@type":"EntryPoint","urlTemplate":"https:\/\/perits.org\/?s={search_term_string}"},"query-input":{"@type":"PropertyValueSpecification","valueRequired":true,"valueName":"search_term_string"}}],"inLanguage":"es"}]}},"_links":{"self":[{"href":"https:\/\/perits.org\/es\/wp-json\/wp\/v2\/pages\/21","targetHints":{"allow":["GET"]}}],"collection":[{"href":"https:\/\/perits.org\/es\/wp-json\/wp\/v2\/pages"}],"about":[{"href":"https:\/\/perits.org\/es\/wp-json\/wp\/v2\/types\/page"}],"author":[{"embeddable":true,"href":"https:\/\/perits.org\/es\/wp-json\/wp\/v2\/users\/1"}],"replies":[{"embeddable":true,"href":"https:\/\/perits.org\/es\/wp-json\/wp\/v2\/comments?post=21"}],"version-history":[{"count":4,"href":"https:\/\/perits.org\/es\/wp-json\/wp\/v2\/pages\/21\/revisions"}],"predecessor-version":[{"id":854,"href":"https:\/\/perits.org\/es\/wp-json\/wp\/v2\/pages\/21\/revisions\/854"}],"up":[{"embeddable":true,"href":"https:\/\/perits.org\/es\/wp-json\/wp\/v2\/pages\/7"}],"wp:featuredmedia":[{"embeddable":true,"href":"https:\/\/perits.org\/es\/wp-json\/wp\/v2\/media\/60"}],"wp:attachment":[{"href":"https:\/\/perits.org\/es\/wp-json\/wp\/v2\/media?parent=21"}],"curies":[{"name":"wp","href":"https:\/\/api.w.org\/{rel}","templated":true}]}}