{"id":10,"date":"2024-11-18T20:48:56","date_gmt":"2024-11-18T19:48:56","guid":{"rendered":"https:\/\/perits.org\/inscripcio\/"},"modified":"2024-12-07T20:41:28","modified_gmt":"2024-12-07T19:41:28","slug":"inscripcio","status":"publish","type":"page","link":"https:\/\/perits.org\/es\/inscripcio\/","title":{"rendered":"Inscripci\u00f3n"},"content":{"rendered":"<p>Adem\u00e1s de enviarnos la solicitud de inscripci\u00f3n que tienes en nuestra web www.perits.org, el Curriculum Vitae y firmar una Declaraci\u00f3n jurada de no haber sido sancionado ni inhabilitado penalmente, debes cumplir con los siguientes requisitos:<\/p>\n\n\n\n<p>1- Acreditar dos a\u00f1os de experiencia profesional en el \u00e1rea o \u00e1reas en las que solicitas tu incorporaci\u00f3n.&nbsp;<\/p>\n\n\n\n<p>2- Acreditar dos a\u00f1os de experiencia en la realizaci\u00f3n de peritajes ante los Tribunales, ya sea como perito de designa de parto (abogados) o de designa judicial.<\/p>\n\n\n\n<p>Si no tienes estos dos a\u00f1os de experiencia en peritaciones judiciales, podr\u00e1s evitar este requisito, demostrando:<\/p>\n\n\n\n<p>&nbsp;&nbsp;&nbsp;&nbsp;&nbsp;&nbsp;&nbsp;&nbsp;&nbsp; a) O bien que has realizado un curso o cursos de especializaci\u00f3n con un contenido acad\u00e9mico suficiente y riguroso.<br>&nbsp;&nbsp;&nbsp;&nbsp;&nbsp;&nbsp;&nbsp;&nbsp;&nbsp; b) O bien que has estado colaborando profesionalmente durante dos a\u00f1os con un perito especializado en el \u00e1rea en la que quieres inscribirte.<\/p>\n\n\n\n<p>3- En estos momentos, la adscripci\u00f3n a un Colegio profesional no resulta obligatoria para ejercer como perito ante los Tribunales, pues la Ley de Enjuiciamiento civil pide la \u201ctitulaci\u00f3n\u201d adecuada para ejercer como perito. Por tanto, no es un requisito que exigimos, aunque si perteneces a un Colegio profesional, puedes justificarnos tu pertenencia.<\/p>\n\n\n\n<p>4- Estar dado de alta en el Censo Fiscal (tener un NIF).<\/p>\n\n\n\n<p>5- Tener contratado un seguro de responsabilidad civil profesional con una cobertura m\u00ednima de 150.000 \u20ac, ya sea a t\u00edtulo individual, o mediante una p\u00f3liza colectiva contratada a trav\u00e9s de la entidad profesional a la que pertenezcas (un Colegio profesional, por ejemplo).<\/p>\n\n\n\n<p>En caso de que ya tengas contratada una p\u00f3liza de responsabilidad civil, te recomendamos que compruebes que te cubre el acto pericial ante los Tribunales.<\/p>\n\n\n\n<p>Si no tienes este seguro, desde la Asociaci\u00f3n te podemos ayudar a encontrar uno, pues tenemos acuerdos con compa\u00f1\u00edas de seguros que ofrecen precios muy competitivos.&nbsp;<\/p>\n\n\n\n<p>6- Si eres funcionario u ocupas un cargo p\u00fablico, la Junta Directiva establecer\u00e1 los requisitos adicionales que deber\u00e1s presentar, a efectos de cumplir con la Ley de incompatibilidades.<\/p>\n\n\n\n<p>7- Hay un pago inicial de 300 euros y la cuota es de 60 euros al trimestre.<\/p>\n\n\n\n<div class=\"wpcf7 no-js\" id=\"wpcf7-f497-o1\" lang=\"ca\" dir=\"ltr\" data-wpcf7-id=\"497\">\n<div class=\"screen-reader-response\"><p role=\"status\" aria-live=\"polite\" aria-atomic=\"true\"><\/p> <ul><\/ul><\/div>\n<form action=\"\/wp-json\/wp\/v2\/pages\/10\" method=\"post\" class=\"wpcf7-form init\" aria-label=\"Formulario de contacto\" novalidate=\"novalidate\" data-status=\"init\" data-trp-original-action=\"\/es\/wp-json\/wp\/v2\/pages\/10#wpcf7-f497-o1\">\n<div style=\"display: none;\">\n<input type=\"hidden\" name=\"_wpcf7\" value=\"497\" \/>\n<input type=\"hidden\" name=\"_wpcf7_version\" value=\"6.0.1\" \/>\n<input type=\"hidden\" name=\"_wpcf7_locale\" value=\"ca\" \/>\n<input type=\"hidden\" name=\"_wpcf7_unit_tag\" value=\"wpcf7-f497-o1\" \/>\n<input type=\"hidden\" name=\"_wpcf7_container_post\" value=\"0\" \/>\n<input type=\"hidden\" name=\"_wpcf7_posted_data_hash\" value=\"\" \/>\n<\/div>\n<p><label> Nombre y apellidos *<br \/>\n<span class=\"wpcf7-form-control-wrap\" data-name=\"your-name\"><input size=\"40\" maxlength=\"400\" class=\"wpcf7-form-control wpcf7-text wpcf7-validates-as-required\" aria-required=\"true\" aria-invalid=\"false\" value=\"\" type=\"text\" name=\"your-name\" \/><\/span><br \/>\n<\/label>\n<\/p>\n<p><label> NIF *<br \/>\n<span class=\"wpcf7-form-control-wrap\" data-name=\"nif\"><input size=\"40\" maxlength=\"400\" class=\"wpcf7-form-control wpcf7-text wpcf7-validates-as-required\" aria-required=\"true\" aria-invalid=\"false\" value=\"\" type=\"text\" name=\"nif\" \/><\/span><br \/>\n<\/label>\n<\/p>\n<p><label> Fecha de nacimiento *<br \/>\n<span class=\"wpcf7-form-control-wrap\" data-name=\"birth-date\"><input class=\"wpcf7-form-control wpcf7-date wpcf7-validates-as-required wpcf7-validates-as-date\" aria-required=\"true\" aria-invalid=\"false\" value=\"\" type=\"date\" name=\"birth-date\" \/><\/span><br \/>\n<\/label>\n<\/p>\n<p><label> Domicilio particular *<br \/>\n<span class=\"wpcf7-form-control-wrap\" data-name=\"address\"><input size=\"40\" maxlength=\"400\" class=\"wpcf7-form-control wpcf7-text wpcf7-validates-as-required\" aria-required=\"true\" aria-invalid=\"false\" value=\"\" type=\"text\" name=\"address\" \/><\/span><br \/>\n<\/label>\n<\/p>\n<p><label> Localidad *<br \/>\n<span class=\"wpcf7-form-control-wrap\" data-name=\"locality\"><input size=\"40\" maxlength=\"400\" class=\"wpcf7-form-control wpcf7-text wpcf7-validates-as-required\" aria-required=\"true\" aria-invalid=\"false\" value=\"\" type=\"text\" name=\"locality\" \/><\/span><br \/>\n<\/label>\n<\/p>\n<p><label> C\u00f3digo Postal *<br \/>\n<span class=\"wpcf7-form-control-wrap\" data-name=\"postal-code\"><input size=\"40\" maxlength=\"400\" class=\"wpcf7-form-control wpcf7-text wpcf7-validates-as-required\" aria-required=\"true\" aria-invalid=\"false\" value=\"\" type=\"text\" name=\"postal-code\" \/><\/span><br \/>\n<\/label>\n<\/p>\n<p><label> Tel\u00e9fono *<br \/>\n<span class=\"wpcf7-form-control-wrap\" data-name=\"phone\"><input size=\"40\" maxlength=\"400\" class=\"wpcf7-form-control wpcf7-tel wpcf7-validates-as-required wpcf7-text wpcf7-validates-as-tel\" aria-required=\"true\" aria-invalid=\"false\" value=\"\" type=\"tel\" name=\"phone\" \/><\/span><br \/>\n<\/label>\n<\/p>\n<p><label> Fax<br \/>\n<span class=\"wpcf7-form-control-wrap\" data-name=\"fax\"><input size=\"40\" maxlength=\"400\" class=\"wpcf7-form-control wpcf7-text\" aria-invalid=\"false\" value=\"\" type=\"text\" name=\"fax\" \/><\/span><br \/>\n<\/label>\n<\/p>\n<p><label> E-mail *<br \/>\n<span class=\"wpcf7-form-control-wrap\" data-name=\"email\"><input size=\"40\" maxlength=\"400\" class=\"wpcf7-form-control wpcf7-email wpcf7-validates-as-required wpcf7-text wpcf7-validates-as-email\" aria-required=\"true\" aria-invalid=\"false\" value=\"\" type=\"email\" name=\"email\" \/><\/span><br \/>\n<\/label>\n<\/p>\n<p><label> Profesi\u00f3n *<br \/>\n<span class=\"wpcf7-form-control-wrap\" data-name=\"profession\"><input size=\"40\" maxlength=\"400\" class=\"wpcf7-form-control wpcf7-text wpcf7-validates-as-required\" aria-required=\"true\" aria-invalid=\"false\" value=\"\" type=\"text\" name=\"profession\" \/><\/span><br \/>\n<\/label>\n<\/p>\n<p><label> Colegiado en *<br \/>\n<span class=\"wpcf7-form-control-wrap\" data-name=\"collegiat-at\"><input size=\"40\" maxlength=\"400\" class=\"wpcf7-form-control wpcf7-text wpcf7-validates-as-required\" aria-required=\"true\" aria-invalid=\"false\" value=\"\" type=\"text\" name=\"collegiat-at\" \/><\/span><br \/>\n<\/label>\n<\/p>\n<p><label> N\u00famero de colegiado *<br \/>\n<span class=\"wpcf7-form-control-wrap\" data-name=\"collegiat-number\"><input size=\"40\" maxlength=\"400\" class=\"wpcf7-form-control wpcf7-text wpcf7-validates-as-required\" aria-required=\"true\" aria-invalid=\"false\" value=\"\" type=\"text\" name=\"collegiat-number\" \/><\/span><br \/>\n<\/label>\n<\/p>\n<p><label> \u00c1rea donde se solicita la inscripci\u00f3n *<br \/>\n<span class=\"wpcf7-form-control-wrap\" data-name=\"registration-area\"><input size=\"40\" maxlength=\"400\" class=\"wpcf7-form-control wpcf7-text wpcf7-validates-as-required\" aria-required=\"true\" aria-invalid=\"false\" value=\"\" type=\"text\" name=\"registration-area\" \/><\/span><br \/>\n<\/label>\n<\/p>\n<p><label> Disponibilidad territorial para peritajes *<br \/>\n<span class=\"wpcf7-form-control-wrap\" data-name=\"territorial-availability\"><textarea cols=\"40\" rows=\"10\" maxlength=\"2000\" class=\"wpcf7-form-control wpcf7-textarea wpcf7-validates-as-required\" aria-required=\"true\" aria-invalid=\"false\" name=\"territorial-availability\"><\/textarea><\/span><br \/>\n<\/label>\n<\/p>\n<p><input class=\"wpcf7-form-control wpcf7-submit has-spinner\" type=\"submit\" value=\"Env\u00eda\" \/>\n<\/p><div class=\"wpcf7-response-output\" aria-hidden=\"true\"><\/div>\n<input type=\"hidden\" name=\"trp-form-language\" value=\"es\"\/><\/form>\n<\/div>\n\n\n\n\n<p style=\"font-size:12px\">* Los campos marcados con asterisco son obligatorios<\/p>\n\n\n\n<p style=\"font-size:12px\">De conformidad con lo que establece la normativa vigente en Protecci\u00f3n de Datos de Car\u00e1cter Personal, le informamos que sus datos ser\u00e1n incorporados al sistema de tratamiento titularidad de ASOCIACION CATALANA DE Peritos Judiciales y Forenses con CIF G58293341 y domicilio social situado en AVDA. DIAGONAL, 449 4\u00ba 08036, BARCELONA, con el fin de atender sus consultas. En cumplimiento con la normativa vigente, ASOCIACION CATALANA DE Peritos Judiciales y Forenses informa que los datos ser\u00e1n conservados durante el plazo estrictamente necesario para cumplir con los preceptos mencionados anteriormente. Asimismo, le informamos que trataremos sus datos de acuerdo con la existencia de su consentimiento.<\/p>\n\n\n\n<p style=\"font-size:12px\">Mientras no nos comunique lo contrario, entenderemos que sus datos no han sido modificados, que usted se compromete a notificarnos cualquier variaci\u00f3n y que tenemos su consentimiento para utilizarlos para las citadas finalidades.<\/p>\n\n\n\n<p style=\"font-size:12px\">ASOCIACION CATALANA DE Peritos Judiciales y Forenses informa que proceder\u00e1 a tratar los datos de manera l\u00edcita, leal, transparente, adecuada, pertinente, limitada, exacta y actualizada. Es por ello que ASOCIACION CATALANA DE PERITOS Judiciales y Forenses se compromete a adoptar todas las medidas razonables para que \u00e9stos se supriman o rectifiquen sin dilaci\u00f3n cuando sean inexactos.<\/p>\n\n\n\n<p style=\"font-size:12px\">De acuerdo con los derechos que le confiere la normativa vigente en protecci\u00f3n de datos podr\u00e1 ejercer los derechos de acceso, rectificaci\u00f3n, limitaci\u00f3n de tratamiento, supresi\u00f3n, portabilidad y oposici\u00f3n al tratamiento de sus datos de car\u00e1cter personal as\u00ed como del consentimiento prestado para el tratamiento de los mismos, dirigiendo su petici\u00f3n a la direcci\u00f3n postal arriba indicada o al correo electr\u00f3nico info@perits.<\/p>\n\n\n\n<p style=\"font-size:12px\">Le informamos que podr\u00e1 revocar en cualquier momento el consentimiento prestado en la recepci\u00f3n de comunicaciones comerciales enviando un correo electr\u00f3nico a la direcci\u00f3n de correo electr\u00f3nico: info@perits.org.<\/p>\n\n\n\n<p style=\"font-size:12px\">Podr\u00e1 dirigirse a la Autoridad de Control competente para presentar la reclamaci\u00f3n que estime oportuna.<\/p>\n\n\n\n<p style=\"font-size:12px\">El env\u00edo de estos datos implica la aceptaci\u00f3n de esta cl\u00e1usula.<\/p>\n\n\n\n<p><\/p>","protected":false},"excerpt":{"rendered":"<p>Adem\u00e1s de enviarnos la solicitud de inscripci\u00f3n que tienes en nuestra web www.perits.org, el Curriculum Vitae y firmar una Declaraci\u00f3n jurada de no haber sido sancionado ni inhabilitado penalmente, debes cumplir con los siguientes requisitos: 1- Acreditar dos a\u00f1os de experiencia profesional en el \u00e1rea o \u00e1reas en las que solicitas. 2- Acreditar dos [\u2026]<\/p>","protected":false},"author":1,"featured_media":0,"parent":0,"menu_order":2,"comment_status":"closed","ping_status":"closed","template":"","meta":{"_acf_changed":false,"footnotes":""},"class_list":["post-10","page","type-page","status-publish","hentry"],"acf":[],"yoast_head":"<!-- This site is optimized with the Yoast SEO plugin v24.0 - https:\/\/yoast.com\/wordpress\/plugins\/seo\/ -->\n<title>Inscripci\u00f3 - Perits.org<\/title>\n<meta name=\"robots\" content=\"index, follow, max-snippet:-1, max-image-preview:large, max-video-preview:-1\" \/>\n<link rel=\"canonical\" href=\"https:\/\/perits.org\/es\/inscripcio\/\" \/>\n<meta property=\"og:locale\" content=\"es_ES\" \/>\n<meta property=\"og:type\" content=\"article\" \/>\n<meta property=\"og:title\" content=\"Inscripci\u00f3 - Perits.org\" \/>\n<meta property=\"og:description\" content=\"A m\u00e9s d&#8217;enviar-nos la sol\u00b7licitud d&#8217;inscripci\u00f3 que tens al nostre web www.perits.org , el Curriculum Vitae i signar una Declaraci\u00f3 jurada de no haver estat sancionat ni inhabilitat penalment, has d&#8217;acomplir amb els seg\u00fcents requisits: 1- Acreditar dos anys d&#8217;experi\u00e8ncia professional en l\u00b4\u00e0rea o \u00e0rees en les quals sol\u00b7licites la teva incorporaci\u00f3.&nbsp; 2- Acreditar dos [&hellip;]\" \/>\n<meta property=\"og:url\" content=\"https:\/\/perits.org\/es\/inscripcio\/\" \/>\n<meta property=\"og:site_name\" content=\"Perits.org\" \/>\n<meta property=\"article:modified_time\" content=\"2024-12-07T19:41:28+00:00\" \/>\n<meta name=\"twitter:card\" content=\"summary_large_image\" \/>\n<meta name=\"twitter:label1\" content=\"Tiempo de lectura\" \/>\n\t<meta name=\"twitter:data1\" content=\"4 minutos\" \/>\n<script type=\"application\/ld+json\" class=\"yoast-schema-graph\">{\"@context\":\"https:\/\/schema.org\",\"@graph\":[{\"@type\":\"WebPage\",\"@id\":\"https:\/\/perits.org\/inscripcio\/\",\"url\":\"https:\/\/perits.org\/inscripcio\/\",\"name\":\"Inscripci\u00f3 - Perits.org\",\"isPartOf\":{\"@id\":\"https:\/\/perits.org\/#website\"},\"datePublished\":\"2024-11-18T19:48:56+00:00\",\"dateModified\":\"2024-12-07T19:41:28+00:00\",\"breadcrumb\":{\"@id\":\"https:\/\/perits.org\/inscripcio\/#breadcrumb\"},\"inLanguage\":\"es\",\"potentialAction\":[{\"@type\":\"ReadAction\",\"target\":[\"https:\/\/perits.org\/inscripcio\/\"]}]},{\"@type\":\"BreadcrumbList\",\"@id\":\"https:\/\/perits.org\/inscripcio\/#breadcrumb\",\"itemListElement\":[{\"@type\":\"ListItem\",\"position\":1,\"name\":\"Inici\",\"item\":\"https:\/\/perits.org\/\"},{\"@type\":\"ListItem\",\"position\":2,\"name\":\"Inscripci\u00f3\"}]},{\"@type\":\"WebSite\",\"@id\":\"https:\/\/perits.org\/#website\",\"url\":\"https:\/\/perits.org\/\",\"name\":\"Perits.org\",\"description\":\"\",\"potentialAction\":[{\"@type\":\"SearchAction\",\"target\":{\"@type\":\"EntryPoint\",\"urlTemplate\":\"https:\/\/perits.org\/?s={search_term_string}\"},\"query-input\":{\"@type\":\"PropertyValueSpecification\",\"valueRequired\":true,\"valueName\":\"search_term_string\"}}],\"inLanguage\":\"es\"}]}<\/script>\n<!-- \/ Yoast SEO plugin. -->","yoast_head_json":{"title":"Inscripci\u00f3 - Perits.org","robots":{"index":"index","follow":"follow","max-snippet":"max-snippet:-1","max-image-preview":"max-image-preview:large","max-video-preview":"max-video-preview:-1"},"canonical":"https:\/\/perits.org\/es\/inscripcio\/","og_locale":"es_ES","og_type":"article","og_title":"Inscripci\u00f3 - Perits.org","og_description":"A m\u00e9s d&#8217;enviar-nos la sol\u00b7licitud d&#8217;inscripci\u00f3 que tens al nostre web www.perits.org , el Curriculum Vitae i signar una Declaraci\u00f3 jurada de no haver estat sancionat ni inhabilitat penalment, has d&#8217;acomplir amb els seg\u00fcents requisits: 1- Acreditar dos anys d&#8217;experi\u00e8ncia professional en l\u00b4\u00e0rea o \u00e0rees en les quals sol\u00b7licites la teva incorporaci\u00f3.&nbsp; 2- Acreditar dos [&hellip;]","og_url":"https:\/\/perits.org\/es\/inscripcio\/","og_site_name":"Perits.org","article_modified_time":"2024-12-07T19:41:28+00:00","twitter_card":"summary_large_image","twitter_misc":{"Tiempo de lectura":"4 minutos"},"schema":{"@context":"https:\/\/schema.org","@graph":[{"@type":"WebPage","@id":"https:\/\/perits.org\/inscripcio\/","url":"https:\/\/perits.org\/inscripcio\/","name":"Inscripci\u00f3 - Perits.org","isPartOf":{"@id":"https:\/\/perits.org\/#website"},"datePublished":"2024-11-18T19:48:56+00:00","dateModified":"2024-12-07T19:41:28+00:00","breadcrumb":{"@id":"https:\/\/perits.org\/inscripcio\/#breadcrumb"},"inLanguage":"es","potentialAction":[{"@type":"ReadAction","target":["https:\/\/perits.org\/inscripcio\/"]}]},{"@type":"BreadcrumbList","@id":"https:\/\/perits.org\/inscripcio\/#breadcrumb","itemListElement":[{"@type":"ListItem","position":1,"name":"Inici","item":"https:\/\/perits.org\/"},{"@type":"ListItem","position":2,"name":"Inscripci\u00f3"}]},{"@type":"WebSite","@id":"https:\/\/perits.org\/#website","url":"https:\/\/perits.org\/","name":"Perits.org","description":"","potentialAction":[{"@type":"SearchAction","target":{"@type":"EntryPoint","urlTemplate":"https:\/\/perits.org\/?s={search_term_string}"},"query-input":{"@type":"PropertyValueSpecification","valueRequired":true,"valueName":"search_term_string"}}],"inLanguage":"es"}]}},"_links":{"self":[{"href":"https:\/\/perits.org\/es\/wp-json\/wp\/v2\/pages\/10","targetHints":{"allow":["GET"]}}],"collection":[{"href":"https:\/\/perits.org\/es\/wp-json\/wp\/v2\/pages"}],"about":[{"href":"https:\/\/perits.org\/es\/wp-json\/wp\/v2\/types\/page"}],"author":[{"embeddable":true,"href":"https:\/\/perits.org\/es\/wp-json\/wp\/v2\/users\/1"}],"replies":[{"embeddable":true,"href":"https:\/\/perits.org\/es\/wp-json\/wp\/v2\/comments?post=10"}],"version-history":[{"count":4,"href":"https:\/\/perits.org\/es\/wp-json\/wp\/v2\/pages\/10\/revisions"}],"predecessor-version":[{"id":501,"href":"https:\/\/perits.org\/es\/wp-json\/wp\/v2\/pages\/10\/revisions\/501"}],"wp:attachment":[{"href":"https:\/\/perits.org\/es\/wp-json\/wp\/v2\/media?parent=10"}],"curies":[{"name":"wp","href":"https:\/\/api.w.org\/{rel}","templated":true}]}}